{"id":1174,"date":"2024-02-06T11:36:46","date_gmt":"2024-02-06T10:36:46","guid":{"rendered":"http:\/\/afirma-juridico.local\/?page_id=1174"},"modified":"2025-09-10T17:57:19","modified_gmt":"2025-09-10T15:57:19","slug":"aviso-legal","status":"publish","type":"page","link":"https:\/\/afirmajuridico.com\/cat\/aviso-legal\/","title":{"rendered":"Av\u00eds legal i de condicions d&#039;\u00fas de la p\u00e0gina web d&#039;AFIRMA, Serveis Jur\u00eddics i Mediaci\u00f3 \u00ae (Afirma)."},"content":{"rendered":"<p>Aquesta p\u00e0gina web t\u00e9 com a finalitat proporcionar informaci\u00f3 a lusuari sobre els serveis que ofereix el despatx Afirma i facilitar el contacte entre aquest i lusuari.<\/p>\n\n\n\n<p>L&#039;usuari, en navegar per la p\u00e0gina, accepta els termes legals inclosos en aquest av\u00eds. De no estar conforme amb aix\u00f2, caldr\u00e0 abstenir-se d&#039;accedir a la web. S&#039;adverteix que les condicions i termes que es recullen en aquest &#039;av\u00eds legal&#039; poden variar, per la qual cosa l&#039;usuari hauria de revisar aquests termes quan torni a visitar el web.<\/p>\n\n\n\n<p>En compliment del que disposa la Llei 34\/2002, d&#039;11 de juliol, de serveis de la societat de la informaci\u00f3, s&#039;informa l&#039;usuari d&#039;aquesta p\u00e0gina del seg\u00fcent:<\/p>\n\n\n\n<p><strong>Informaci\u00f3 general sobre el titular dels serveis oferts:<\/strong><strong><\/strong><\/p>\n\n\n\n<ol style=\"list-style-type:lower-alpha\" class=\"wp-block-list\">\n<li>Nom i cognoms: Antonio L\u00f3pez Gallego.<\/li>\n\n\n\n<li>Denominaci\u00f3 comercial: Afirma, Serveis Jur\u00eddics i Mediaci\u00f3 (\u00ae)<\/li>\n\n\n\n<li>Domicili professional: Edifici BCIN, c\/ Marcus Porcius, 1, 08915 Badalona.<\/li>\n\n\n\n<li>Correu Electr\u00f2nic:\u00a0<a href=\"mailto:antonio.lopez@afirmajuridico.com\">antonio.lopez@afirmajuridico.com<\/a><\/li>\n\n\n\n<li>NIF: 39856995L<\/li>\n\n\n\n<li>Activitat desenvolupada per Afirma:<\/li>\n<\/ol>\n\n\n\n<ol start=\"1\" style=\"list-style-type:lower-roman\" class=\"wp-block-list\">\n<li>L&#039;activitat \u00e9s la de serveis jur\u00eddics i mediaci\u00f3. El seu responsable \u00e9s Antonio L\u00f3pez Gallego, llicenciat en Dret per la Universitat Aut\u00f2noma de Barcelona (1981-1986), col\u00b7legiat amb el n\u00famero 23686 a l&#039;Il\u00b7lustre Col\u00b7legi d&#039;Advocats de Barcelona i, com a no resident, amb el n\u00famero 1250 a l&#039;Il\u00b7lustre Col\u00b7legi d&#039;Advocats de Tarragona.<\/li>\n\n\n\n<li>L&#039;activitat est\u00e0 subjecta a normativa sobre el seu exercici i supervisi\u00f3 pel col\u00b7legi d&#039;advocats, que es pot consultar a trav\u00e9s dels enlla\u00e7os seg\u00fcents:<\/li>\n<\/ol>\n\n\n\n<p>1. \u00c0mbit col\u00b7legial: Il\u00b7ltre. Col\u00b7legi de l&#039;Advocacia de Barcelona: <a href=\"https:\/\/www.icab.es\/export\/sites\/icab\/.galleries\/documents-col-legi\/documents-de-normativa\/ESTATUTOS-ICAB-2015.pdf\">https:\/\/www.icab.es\/export\/sites\/icab\/.galleries\/documents-col-legi\/documents-de-normativa\/ESTATUTOS-ICAB-2015.pdf<\/a><\/p>\n\n\n\n<p>2. \u00c0mbit catal\u00e0: Normativa de l&#039;Advocacia Catalana del Consell dels Il\u00b7lustres Col\u00b7legis d&#039;Advocats de Catalunya:&nbsp; <a href=\"https:\/\/portaldogc.gencat.cat\/utilsEADOP\/PDF\/7799\/1724201.pdf\">https:\/\/portaldogc.gencat.cat\/utilsEADOP\/PDF\/7799\/1724201.pdf<\/a><\/p>\n\n\n\n<p>3. \u00c0mbit estatal: Estatut General de l&#039;Advocacia Espanyola: <a href=\"https:\/\/www.abogacia.es\/wp-content\/uploads\/2012\/06\/Estatuto-General-de-la-Abogacia-Espanola-1.pdf\">https:\/\/www.abogacia.es\/wp-content\/uploads\/2012\/06\/Estatuto-General-de-la-Abogacia-Espanola-1.pdf<\/a> i Codi Deontol\u00f2gic de l&#039;Advocacia Espanyola: <a href=\"https:\/\/www.abogacia.es\/wp-content\/uploads\/2019\/05\/Codigo-Deontologico-2019.pdf\">https:\/\/www.abogacia.es\/wp-content\/uploads\/2019\/05\/Codigo-Deontologico-2019.pdf<\/a><\/p>\n\n\n\n<p>4. \u00c0mbit europeu: Carta de Principis essencials de l&#039;Advocacia Europea i Codi Deontol\u00f2gic dels Advocats Europeus: <a href=\"https:\/\/www.ccbe.eu\/NTCdocument\/10_11_10_Booklet_Cd3_1290438847.pdf\">https:\/\/www.ccbe.eu\/NTCdocument\/10_11_10_Booklet_Cd3_1290438847.pdf<\/a><\/p>\n\n\n\n<p>A m\u00e9s, en l&#039;\u00e0mbit &#039;regulatori&#039; algunes activitats estan subjectes a normativa espec\u00edfica, com la relativa a prevenci\u00f3 el blanqueig de capitals i finan\u00e7ament del terrorisme (Llei 10\/2010, de 28 d&#039;abril i el seu reglament aprovat pel Reial Decret 304\/2014, de 5 de maig), a la mediaci\u00f3 (Llei 5\/20 980\/2013, de 13 de desembre, Llei del Parlament 15\/2009, de 22 de juliol i el seu reglament aprovat pel Decret 135\/2012, de 23 d&#039;octubre) ia la intermediaci\u00f3 en cr\u00e8dit immobiliari (Llei 5\/2019, de 15 de mar\u00e7 i el seu reglament aprovat pel Reial Decret 3)<\/p>\n\n\n\n<p><strong>Propietat.- <\/strong>Antonio L\u00f3pez Gallego \u00e9s el propietari del domini d&#039;internet \u201cafirmajuridico.com\u201d i de la marca Afirma, Serveis Jur\u00eddics i Mediaci\u00f3 i, juntament amb tercers, d&#039;aquesta p\u00e0gina web. Tots els textos, imatges, arxius, estructura, disseny i altres components de la p\u00e0gina estan protegits per la normativa de propietat intel\u00b7lectual i industrial.<\/p>\n\n\n\n<p><strong>\u00das de la p\u00e0gina web.- Afirma a<\/strong>toritza l&#039;acc\u00e9s general a la web a tots els usuaris d&#039;Internet sense necessitat de registre previ.<strong>&nbsp;<\/strong><strong><\/strong><\/p>\n\n\n\n<p>Est\u00e0 prohibida la distribuci\u00f3, modificaci\u00f3, transmissi\u00f3, c\u00f2pia o qualsevol utilitzaci\u00f3 dels continguts de la web sense lautoritzaci\u00f3 del propietari aix\u00ed com lextracci\u00f3 o reutilitzaci\u00f3 de la totalitat o part substancial dels continguts de la componen. L&#039;usuari pot accedir, imprimir i emmagatzemar el contingut d&#039;aquest web exclusivament per a \u00fas privat, sempre que: (i) no hi hagi posterior comunicaci\u00f3 p\u00fablica ni posada a disposici\u00f3 de tercers i (ii) no es tracti de programari o de bases de dades, d&#039;acord amb la normativa sobre propietat intel\u00b7lectual, ni que es tracti d&#039;una reutilitzaci\u00f3 de la totalitat o part subst\u00e0ncies dels continguts de la web.<\/p>\n\n\n\n<p>En relaci\u00f3 amb la <strong>informaci\u00f3 i acc\u00e9s a la seva web:<\/strong><\/p>\n\n\n\n<ol class=\"wp-block-list\">\n<li>En els casos en qu\u00e8 des de la web l&#039;usuari pot accedir a altres portals i continguts de tercers, Afirma nom\u00e9s respondr\u00e0 de la legalitat i la correcci\u00f3 d&#039;aquests continguts si hagu\u00e9s tingut coneixement de la seva il\u00b7licitud i no hagu\u00e9s suprimit o eliminat aquests accessos. Si, no obstant, l&#039;usuari considera que aquests enlla\u00e7os poden ser il\u00b7l\u00edcits o inexactes, se li agrair\u00e0 es posi en contacte amb Afirma, la qual cosa, en tot cas no tindr\u00e0 per si mateix a consideraci\u00f3 de &#039;coneixement efectiu&#039; a qu\u00e8 fa refer\u00e8ncia la Llei 34\/2002.<\/li>\n\n\n\n<li>Afirma no respon dels danys o perjudicis que es puguin produir per l&#039;acc\u00e9s i \u00fas d&#039;aquesta web com, a tall d&#039;exemple, els produ\u00efts en els sistemes inform\u00e0tics, o els provocats per la introducci\u00f3 de virus i\/o atacs inform\u00e0tics o qualsevol altra intromissi\u00f3 il\u00b7leg\u00edtima, errors de seguretat o de navegaci\u00f3, o per caigudes, interrupcions, abs\u00e8ncia o defecte.<\/li>\n\n\n\n<li>Afirma podr\u00e0 realitzar canvis a la web sense previ av\u00eds, a fi d&#039;actualitzar, corregir o eliminar els continguts i\/o disseny de la web, aix\u00ed com impedir o limitar l&#039;acc\u00e9s a aquesta de forma temporal o permanent.<\/li>\n<\/ol>\n\n\n\n<p><strong>Enlla\u00e7os, hipervincles o <em>links.- <\/em><\/strong>\u00danicament es permet establir enlla\u00e7os, hipervincles o <em>links<\/em>, des de portals o llocs web de tercers amb la p\u00e0gina principal d&#039;aquesta web accessible a l&#039;adre\u00e7a &nbsp;<a href=\"https:\/\/afirmajuridico.com\/cat\/\">http:\/\/www.afirmajuridico.com<\/a>&nbsp;, i amb les seg\u00fcents condicions:<\/p>\n\n\n\n<ol class=\"wp-block-list\">\n<li>Si la web es presenta amb altres continguts es far\u00e0 sense que puguin induir a error o confusi\u00f3, i sense continguts que puguin ser qualificats com d&#039;imitaci\u00f3 o comparaci\u00f3 il\u00b7legal o que atemptin el bon nom d&#039;Afirma, el titular, els empleats, col\u00b7laboradors, clients i prove\u00efdors ni que de cap manera pugui suposar un acte contrari a legalitat ia les bones pr\u00e0ctiques comercials i professionals.<\/li>\n\n\n\n<li>Queda prohibit: (i) presentar aquesta p\u00e0gina web o la informaci\u00f3 que cont\u00e9 sota signes distintius, marques o denominacions socials o comercials d&#039;una altra persona, empresa o entitat; (ii) que l&#039;acc\u00e9s s&#039;efectu\u00ef des de p\u00e0gines o enlla\u00e7os de tercers que no siguin respectuosos amb les lleis i els drets humans i (iii) que d&#039;alguna manera es pugui deduir que Afirma combregui o comparteix les idees, opinions o manifestacions de qualsevol \u00edndole del titular de la p\u00e0gina d&#039;origen.<\/li>\n<\/ol>\n\n\n\n<p><strong>Responsabilitat de l&#039;usuari.- <\/strong>L&#039;usuari ser\u00e0 responsable dels danys i perjudicis que Afirma, els seus clients i prove\u00efdors, usuaris de la web o altres tercers puguin patir com a conseq\u00fc\u00e8ncia de l&#039;incompliment de les condicions d&#039;\u00fas presents.<\/p>\n\n\n\n<p><strong>Protecci\u00f3 de dades personals.- En mat\u00e8ria de dades personals i el seu tractament, consulteu la <\/strong><a href=\"https:\/\/afirmajuridico.com\/cat\/politica-de-privacidad\/\">Pol\u00edtica de Privadesa<\/a><strong> en aquesta mateixa web.<\/strong><strong><\/strong><\/p>\n\n\n\n<p><strong>Badalona, 28\/08\/2025<\/strong><strong><\/strong><\/p>\n\n\n\n<p><\/p>","protected":false},"excerpt":{"rendered":"<p>Esta p\u00e1gina web tiene como finalidad proporcionar informaci\u00f3n al usuario sobre los servicios que ofrece el despacho Afirma y facilitar [&hellip;]<\/p>\n","protected":false},"author":1,"featured_media":0,"parent":0,"menu_order":0,"comment_status":"closed","ping_status":"closed","template":"","meta":{"site-sidebar-layout":"default","site-content-layout":"","ast-site-content-layout":"default","site-content-style":"default","site-sidebar-style":"default","ast-global-header-display":"","ast-banner-title-visibility":"","ast-main-header-display":"","ast-hfb-above-header-display":"","ast-hfb-below-header-display":"","ast-hfb-mobile-header-display":"","site-post-title":"disabled","ast-breadcrumbs-content":"","ast-featured-img":"","footer-sml-layout":"","ast-disable-related-posts":"","theme-transparent-header-meta":"","adv-header-id-meta":"","stick-header-meta":"","header-above-stick-meta":"","header-main-stick-meta":"","header-below-stick-meta":"","astra-migrate-meta-layouts":"default","ast-page-background-enabled":"default","ast-page-background-meta":{"desktop":{"background-color":"var(--ast-global-color-4)","background-image":"","background-repeat":"repeat","background-position":"center center","background-size":"auto","background-attachment":"scroll","background-type":"","background-media":"","overlay-type":"","overlay-color":"","overlay-opacity":"","overlay-gradient":""},"tablet":{"background-color":"","background-image":"","background-repeat":"repeat","background-position":"center center","background-size":"auto","background-attachment":"scroll","background-type":"","background-media":"","overlay-type":"","overlay-color":"","overlay-opacity":"","overlay-gradient":""},"mobile":{"background-color":"","background-image":"","background-repeat":"repeat","background-position":"center center","background-size":"auto","background-attachment":"scroll","background-type":"","background-media":"","overlay-type":"","overlay-color":"","overlay-opacity":"","overlay-gradient":""}},"ast-content-background-meta":{"desktop":{"background-color":"var(--ast-global-color-5)","background-image":"","background-repeat":"repeat","background-position":"center center","background-size":"auto","background-attachment":"scroll","background-type":"","background-media":"","overlay-type":"","overlay-color":"","overlay-opacity":"","overlay-gradient":""},"tablet":{"background-color":"var(--ast-global-color-5)","background-image":"","background-repeat":"repeat","background-position":"center center","background-size":"auto","background-attachment":"scroll","background-type":"","background-media":"","overlay-type":"","overlay-color":"","overlay-opacity":"","overlay-gradient":""},"mobile":{"background-color":"var(--ast-global-color-5)","background-image":"","background-repeat":"repeat","background-position":"center center","background-size":"auto","background-attachment":"scroll","background-type":"","background-media":"","overlay-type":"","overlay-color":"","overlay-opacity":"","overlay-gradient":""}},"footnotes":""},"class_list":["post-1174","page","type-page","status-publish","hentry"],"yoast_head":"<!-- This site is optimized with the Yoast SEO plugin v27.3 - https:\/\/yoast.com\/product\/yoast-seo-wordpress\/ -->\n<title>Aviso legal y de condiciones de uso de la p\u00e1gina web de AFIRMA, Servicios Jur\u00eddicos y Mediaci\u00f3n \u00ae (Afirma). - Afirma Juridico<\/title>\n<meta name=\"robots\" content=\"index, follow, max-snippet:-1, max-image-preview:large, max-video-preview:-1\" \/>\n<link rel=\"canonical\" href=\"https:\/\/afirmajuridico.com\/cat\/aviso-legal\/\" \/>\n<meta property=\"og:locale\" content=\"ca_ES\" \/>\n<meta property=\"og:type\" content=\"article\" \/>\n<meta property=\"og:title\" content=\"Aviso legal y de condiciones de uso de la p\u00e1gina web de AFIRMA, Servicios Jur\u00eddicos y Mediaci\u00f3n \u00ae (Afirma). - Afirma Juridico\" \/>\n<meta property=\"og:description\" content=\"Esta p\u00e1gina web tiene como finalidad proporcionar informaci\u00f3n al usuario sobre los servicios que ofrece el despacho Afirma y facilitar [&hellip;]\" \/>\n<meta property=\"og:url\" content=\"https:\/\/afirmajuridico.com\/cat\/aviso-legal\/\" \/>\n<meta property=\"og:site_name\" content=\"Afirma Juridico\" \/>\n<meta property=\"article:modified_time\" content=\"2025-09-10T15:57:19+00:00\" \/>\n<meta name=\"twitter:card\" content=\"summary_large_image\" \/>\n<meta name=\"twitter:label1\" content=\"Temps estimat de lectura\" \/>\n\t<meta name=\"twitter:data1\" content=\"5 minuts\" \/>\n<script type=\"application\/ld+json\" class=\"yoast-schema-graph\">{\"@context\":\"https:\\\/\\\/schema.org\",\"@graph\":[{\"@type\":\"WebPage\",\"@id\":\"https:\\\/\\\/afirmajuridico.com\\\/aviso-legal\\\/\",\"url\":\"https:\\\/\\\/afirmajuridico.com\\\/aviso-legal\\\/\",\"name\":\"Aviso legal y de condiciones de uso de la p\u00e1gina web de AFIRMA, Servicios Jur\u00eddicos y Mediaci\u00f3n \u00ae (Afirma). - Afirma Juridico\",\"isPartOf\":{\"@id\":\"https:\\\/\\\/afirmajuridico.com\\\/#website\"},\"datePublished\":\"2024-02-06T10:36:46+00:00\",\"dateModified\":\"2025-09-10T15:57:19+00:00\",\"breadcrumb\":{\"@id\":\"https:\\\/\\\/afirmajuridico.com\\\/aviso-legal\\\/#breadcrumb\"},\"inLanguage\":\"ca\",\"potentialAction\":[{\"@type\":\"ReadAction\",\"target\":[\"https:\\\/\\\/afirmajuridico.com\\\/aviso-legal\\\/\"]}]},{\"@type\":\"BreadcrumbList\",\"@id\":\"https:\\\/\\\/afirmajuridico.com\\\/aviso-legal\\\/#breadcrumb\",\"itemListElement\":[{\"@type\":\"ListItem\",\"position\":1,\"name\":\"Portada\",\"item\":\"https:\\\/\\\/afirmajuridico.com\\\/\"},{\"@type\":\"ListItem\",\"position\":2,\"name\":\"Aviso legal y de condiciones de uso de la p\u00e1gina web de AFIRMA, Servicios Jur\u00eddicos y Mediaci\u00f3n \u00ae (Afirma).\"}]},{\"@type\":\"WebSite\",\"@id\":\"https:\\\/\\\/afirmajuridico.com\\\/#website\",\"url\":\"https:\\\/\\\/afirmajuridico.com\\\/\",\"name\":\"Afirma Juridico\",\"description\":\"\",\"potentialAction\":[{\"@type\":\"SearchAction\",\"target\":{\"@type\":\"EntryPoint\",\"urlTemplate\":\"https:\\\/\\\/afirmajuridico.com\\\/?s={search_term_string}\"},\"query-input\":{\"@type\":\"PropertyValueSpecification\",\"valueRequired\":true,\"valueName\":\"search_term_string\"}}],\"inLanguage\":\"ca\"}]}<\/script>\n<!-- \/ Yoast SEO plugin. -->","yoast_head_json":{"title":"Av\u00eds legal i de condicions d&#039;\u00fas de la p\u00e0gina web d&#039;AFIRMA, Serveis Jur\u00eddics i Mediaci\u00f3 \u00ae (Afirma). - Afirma Juridico","robots":{"index":"index","follow":"follow","max-snippet":"max-snippet:-1","max-image-preview":"max-image-preview:large","max-video-preview":"max-video-preview:-1"},"canonical":"https:\/\/afirmajuridico.com\/cat\/aviso-legal\/","og_locale":"ca_ES","og_type":"article","og_title":"Aviso legal y de condiciones de uso de la p\u00e1gina web de AFIRMA, Servicios Jur\u00eddicos y Mediaci\u00f3n \u00ae (Afirma). - Afirma Juridico","og_description":"Esta p\u00e1gina web tiene como finalidad proporcionar informaci\u00f3n al usuario sobre los servicios que ofrece el despacho Afirma y facilitar [&hellip;]","og_url":"https:\/\/afirmajuridico.com\/cat\/aviso-legal\/","og_site_name":"Afirma Juridico","article_modified_time":"2025-09-10T15:57:19+00:00","twitter_card":"summary_large_image","twitter_misc":{"Temps estimat de lectura":"5 minuts"},"schema":{"@context":"https:\/\/schema.org","@graph":[{"@type":"WebPage","@id":"https:\/\/afirmajuridico.com\/aviso-legal\/","url":"https:\/\/afirmajuridico.com\/aviso-legal\/","name":"Av\u00eds legal i de condicions d&#039;\u00fas de la p\u00e0gina web d&#039;AFIRMA, Serveis Jur\u00eddics i Mediaci\u00f3 \u00ae (Afirma). - Afirma Juridico","isPartOf":{"@id":"https:\/\/afirmajuridico.com\/#website"},"datePublished":"2024-02-06T10:36:46+00:00","dateModified":"2025-09-10T15:57:19+00:00","breadcrumb":{"@id":"https:\/\/afirmajuridico.com\/aviso-legal\/#breadcrumb"},"inLanguage":"ca","potentialAction":[{"@type":"ReadAction","target":["https:\/\/afirmajuridico.com\/aviso-legal\/"]}]},{"@type":"BreadcrumbList","@id":"https:\/\/afirmajuridico.com\/aviso-legal\/#breadcrumb","itemListElement":[{"@type":"ListItem","position":1,"name":"Portada","item":"https:\/\/afirmajuridico.com\/"},{"@type":"ListItem","position":2,"name":"Aviso legal y de condiciones de uso de la p\u00e1gina web de AFIRMA, Servicios Jur\u00eddicos y Mediaci\u00f3n \u00ae (Afirma)."}]},{"@type":"WebSite","@id":"https:\/\/afirmajuridico.com\/#website","url":"https:\/\/afirmajuridico.com\/","name":"Afirma Juridico","description":"","potentialAction":[{"@type":"SearchAction","target":{"@type":"EntryPoint","urlTemplate":"https:\/\/afirmajuridico.com\/?s={search_term_string}"},"query-input":{"@type":"PropertyValueSpecification","valueRequired":true,"valueName":"search_term_string"}}],"inLanguage":"ca"}]}},"_links":{"self":[{"href":"https:\/\/afirmajuridico.com\/cat\/wp-json\/wp\/v2\/pages\/1174","targetHints":{"allow":["GET"]}}],"collection":[{"href":"https:\/\/afirmajuridico.com\/cat\/wp-json\/wp\/v2\/pages"}],"about":[{"href":"https:\/\/afirmajuridico.com\/cat\/wp-json\/wp\/v2\/types\/page"}],"author":[{"embeddable":true,"href":"https:\/\/afirmajuridico.com\/cat\/wp-json\/wp\/v2\/users\/1"}],"replies":[{"embeddable":true,"href":"https:\/\/afirmajuridico.com\/cat\/wp-json\/wp\/v2\/comments?post=1174"}],"version-history":[{"count":28,"href":"https:\/\/afirmajuridico.com\/cat\/wp-json\/wp\/v2\/pages\/1174\/revisions"}],"predecessor-version":[{"id":1936,"href":"https:\/\/afirmajuridico.com\/cat\/wp-json\/wp\/v2\/pages\/1174\/revisions\/1936"}],"wp:attachment":[{"href":"https:\/\/afirmajuridico.com\/cat\/wp-json\/wp\/v2\/media?parent=1174"}],"curies":[{"name":"wp","href":"https:\/\/api.w.org\/{rel}","templated":true}]}}