{"id":1197,"date":"2024-02-07T09:24:35","date_gmt":"2024-02-07T08:24:35","guid":{"rendered":"http:\/\/afirma-juridico.local\/?page_id=1197"},"modified":"2025-09-10T17:53:55","modified_gmt":"2025-09-10T15:53:55","slug":"politica-de-cookies","status":"publish","type":"page","link":"https:\/\/afirmajuridico.com\/cat\/politica-de-cookies\/","title":{"rendered":"Pol\u00edtica de cookies"},"content":{"rendered":"<p><strong>INTRODUCCI\u00d3<\/strong><\/p>\n\n\n\n<p>La web de <strong><strong><strong>AFIRMA JUR\u00cdDIC<\/strong><\/strong><\/strong> utilitza cookies pr\u00f2pies i de tercers. Una galeta \u00e9s un fitxer que es descarrega al vostre ordinador en accedir a determinades p\u00e0gines web. Les cookies permeten a una p\u00e0gina web, entre altres finalitats, assegurar el funcionament correcte de la p\u00e0gina, permetre a l&#039;Usuari un acc\u00e9s m\u00e9s r\u00e0pid als serveis seleccionats, emmagatzemar i recuperar informaci\u00f3 sobre els h\u00e0bits de navegaci\u00f3 d&#039;un usuari o del seu equip i fins i tot , depenent de la informaci\u00f3 que continguin i de la manera com utilitzeu el vostre equip, es poden utilitzar per recon\u00e8ixer l&#039;usuari. Les cookies s&#039;associen \u00fanicament a un usuari an\u00f2nim i el seu ordinador o dispositiu i no proporcionen refer\u00e8ncies que permetin con\u00e8ixer les vostres dades personals., excepte perm\u00eds expr\u00e9s d&#039;aquell.<\/p>\n\n\n\n<p>L&#039;usuari pot, en tot moment, acceptar o rebutjar les cookies instal\u00b7lades que no siguin estrictament necess\u00e0ries per al funcionament correcte del web i l&#039;acc\u00e9s a l&#039;Usuari als seus serveis, a trav\u00e9s del panell d&#039;ajust de cookies proporcionat al nostre web. Aix\u00ed mateix, podreu configurar el vostre navegador en tot moment sense que aix\u00f2 perjudiqui la possibilitat de l&#039;Usuari d&#039;accedir als continguts. No obstant aix\u00f2, us informem que el rebuig de les cookies pot disminuir el bon funcionament de la web.<\/p>\n\n\n\n<p><strong>COOKIES AFECTADES PER LA NORMATIVA I COOKIES EXEMPTES<\/strong><\/p>\n\n\n\n<p>Segons la directiva de la UE, les galetes que requereixen el consentiment informat per part de l&#039;usuari s\u00f3n les galetes d&#039;anal\u00edtica, les de publicitat i afiliaci\u00f3, i queden exceptuades les de car\u00e0cter t\u00e8cnic i les necess\u00e0ries per al funcionament del lloc web o la prestaci\u00f3 de serveis expressament demanats per l&#039;usuari.<\/p>\n\n\n\n<p><strong>TIPUS DE COOKIES<\/strong><\/p>\n\n\n\n<p>a) Segons la <strong>entitat que les gestioni<\/strong>, hi ha Cookies <strong>pr\u00f2pies<\/strong> (aquelles que s&#039;envien a l&#039;equip terminal de l&#039;usuari des d&#039;un equip o domini gestionat pel mateix editor i des del qual es presta el servei sol\u00b7licitat per l&#039;usuari) i de <strong>tercers<\/strong> (les que s&#039;envien a l&#039;equip terminal de l&#039;usuari des d&#039;un equip o domini que no \u00e9s gestionat per l&#039;editor, sin\u00f3 per una altra entitat que tracta les dades obtingudes mitjan\u00e7ant les galetes).<\/p>\n\n\n\n<p>b) Segons el <strong>temps que romanen actives<\/strong>, hi ha les de <strong>sessi\u00f3<\/strong> (dissenyades per demanar i emmagatzemar dades mentre l&#039;usuari accedeix a una p\u00e0gina web) i les <strong>persistents<\/strong> (en qu\u00e8 les dades s&#039;emmagatzemen al terminal i poden ser accedides i tractades durant un per\u00edode definit pel responsable de la galeta -pot anar d&#039;uns minuts a diversos anys).<\/p>\n\n\n\n<p>c) Segons la <strong>finalitat<\/strong> per a la qual tracten la informaci\u00f3 que recopilen, poden ser:<\/p>\n\n\n\n<ul class=\"wp-block-list\">\n<li><strong>Galetes t\u00e8cniques<\/strong> (necess\u00e0ries per a l&#039;\u00fas de la web i la prestaci\u00f3 del servei contractat),<\/li>\n\n\n\n<li><strong>Galetes de personalitzaci\u00f3<\/strong> (que permeten a l&#039;usuari accedir al servei amb caracter\u00edstiques predefinides, com ara l&#039;idioma, el tipus de navegador, la configuraci\u00f3 regional, etc.)<\/li>\n\n\n\n<li><strong>Galetes d&#039;an\u00e0lisi<\/strong> (recullin informaci\u00f3 de l&#039;\u00fas que es fa de la web),<\/li>\n\n\n\n<li><strong>Galetes publicit\u00e0ries<\/strong> (recullen informaci\u00f3 sobre les prefer\u00e8ncies i eleccions personals dels usuaris),<\/li>\n\n\n\n<li><strong>Galetes d&#039;afiliats<\/strong> (permeten fer un seguiment de les visites procedents d&#039;altres webs, amb qu\u00e8 el lloc web estableix un contracte d&#039;afiliaci\u00f3).<\/li>\n<\/ul>\n\n\n\n<p><strong>TIPUS DE COOKIES UTILITZADES PER AQUEST LLOC WEB<\/strong><\/p>\n\n\n\n<figure class=\"wp-block-table\"><table class=\"has-fixed-layout\"><tbody><tr><td><strong>Nom<\/strong><\/td><td><strong>Finalitat <\/strong><strong><\/strong><\/td><td><strong>Caducitat<\/strong><strong><\/strong><\/td><\/tr><tr><td><strong>Galetes t\u00e8cniques<\/strong><strong><\/strong> &nbsp;<\/td><td>Les cookies t\u00e8cniques s\u00f3n les que permeten a l&#039;usuari navegar per una p\u00e0gina web, lloc en l\u00ednia o aplicaci\u00f3 i utilitzar els seus serveis o funcions.<\/td><td>Entre 1 i 2 anys.<\/td><\/tr><tr><td><strong>Galetes de personalitzaci\u00f3<\/strong><strong><\/strong> <strong>&nbsp;<\/strong><\/td><td>Aquestes galetes emmagatzemen prefer\u00e8ncies dexperi\u00e8ncia de lusuari.<\/td><td>Entre 1 i 2 anys.<\/td><\/tr><tr><td><strong>Galetes d&#039;an\u00e0lisi<\/strong><strong><\/strong> <strong>&nbsp;<\/strong><\/td><td>Les&nbsp;<strong>cookies anal\u00edtiques<\/strong>&nbsp;sutilitzen per determinar l\u00fas dun lloc, poden rastrejar un usuari individual, per\u00f2 nom\u00e9s en la mesura que permetin als usuaris viatjar a trav\u00e9s del lloc.<\/td><td>Entre 1 i 2 anys.<\/td><\/tr><tr><td><strong>Galetes publicit\u00e0ries<\/strong><strong><\/strong> <strong>&nbsp;<\/strong><\/td><td>S\u00f3n les galetes dissenyades espec\u00edficament per reunir informaci\u00f3 de tu al teu dispositiu de visualitzaci\u00f3 d&#039;anuncis per enviar publicitat en base als temes rellevants que t&#039;interessen.<\/td><td>Entre 1 i 2 anys.<\/td><\/tr><\/tbody><\/table><figcaption class=\"wp-element-caption\">Mentre navega per la nostra web, es poden emmagatzemar al seu navegador les cookies de les nostres xarxes socials. A continuaci\u00f3, us indiquem els enlla\u00e7os sobre les cookies de les xarxes socials que podr\u00edem utilitzar en aquesta web:<\/figcaption><\/figure>\n\n\n\n<ul class=\"wp-block-list\">\n<li>Cookies de Facebook, veure m\u00e9s informaci\u00f3 a la seva <a href=\"https:\/\/es-es.facebook.com\/policies\/cookies\/\">pol\u00edtica de cookies<\/a><\/li>\n\n\n\n<li>Cookies de \u201cX\u201d, veure m\u00e9s informaci\u00f3 a la seva <a href=\"https:\/\/help.twitter.com\/es\/rules-and-policies\/twitter-cookies\">pol\u00edtica de cookies<\/a><\/li>\n\n\n\n<li>Cookies d&#039;Instagram, veure m\u00e9s informaci\u00f3 a la seva <a href=\"https:\/\/help.instagram.com\/1896641480634370?ref=ig\">pol\u00edtica de cookies<\/a><\/li>\n\n\n\n<li>Cookies de Linkedin, veure m\u00e9s informaci\u00f3 a la seva <a href=\"https:\/\/www.linkedin.com\/legal\/cookie-policy?_l=es_ES\">pol\u00edtica de cookies<\/a><\/li>\n\n\n\n<li>Cookies de Youtube, veure m\u00e9s informaci\u00f3 a la seva <a href=\"https:\/\/policies.google.com\/technologies\/cookies?hl=es\">pol\u00edtica de cookies<\/a><\/li>\n<\/ul>\n\n\n\n<p><strong>REVOCACI\u00d3<\/strong><\/p>\n\n\n\n<p>En tot moment podreu accedir a la configuraci\u00f3 del vostre navegador acceptant o rebutjant totes les cookies, o b\u00e9 seleccionar aquelles que la instal\u00b7laci\u00f3 admet i les que no, seguint un dels procediments seg\u00fcents, que dep\u00e8n del navegador que utilitzeu:<\/p>\n\n\n\n<p><strong>Google Chrome<\/strong> (al Men\u00fa Eines):<\/p>\n\n\n\n<p>Configuraci\u00f3&gt; Mostrar opcions avan\u00e7ades&gt; Privadesa (Configuraci\u00f3 de contingut)&gt; Cookies:<\/p>\n\n\n\n<p><a href=\"https:\/\/support.google.com\/chrome\/answer\/95647?co=GENIE.Platform%3DDesktop&amp;hl=es\">https:\/\/support.google.com\/chrome\/answer\/95647?co=GENIE.Platform%3DDesktop&amp;hl=es<\/a><\/p>\n\n\n\n<p><strong>Microsoft Edge<\/strong>&nbsp;(al Men\u00fa Configuraci\u00f3):<\/p>\n\n\n\n<p>Configuraci\u00f3 &gt; Cookies i permisos del lloc:<\/p>\n\n\n\n<p><a href=\"edge:\/\/settings\/content\/cookies\">edge:\/\/settings\/content\/cookies<\/a><\/p>\n\n\n\n<p><strong>Firefox:<\/strong><\/p>\n\n\n\n<p>Opcions&gt; Privadesa&gt; Cookies:<\/p>\n\n\n\n<p><a href=\"https:\/\/support.mozilla.org\/es\/kb\/habilitar-y-deshabilitar-cookies-sitios-web-rastrear-preferencias\">https:\/\/support.mozilla.org\/es\/kb\/habilitar-y-deshabilitar-cookies-sitios-web-rastrear-preferencias<\/a><\/p>\n\n\n\n<p><strong>Safari, iPad i iPhone:<\/strong><\/p>\n\n\n\n<p>Prefer\u00e8ncies&gt; Privadesa<\/p>\n\n\n\n<p><a href=\"https:\/\/support.apple.com\/kb\/ph21411?locale=es_ES\">https:\/\/support.apple.com\/kb\/ph21411?locale=es_ES<\/a><\/p>\n\n\n\n<p><strong>Opera:<\/strong><\/p>\n\n\n\n<p>Configuraci\u00f3&gt; Opcions&gt; Avan\u00e7ada&gt; Cookies<\/p>\n\n\n\n<p>http:\/\/help.opera.com\/Windows\/12.00\/es-ES\/cookies.html <\/p>\n\n\n\n<p>Aquests navegadors estan sotmesos a canvis o modificacions, per la qual cosa no podem garantir que s&#039;ajustin completament a la versi\u00f3 del vostre navegador. Tamb\u00e9 pot ser que utilitzeu un altre navegador no contemplat en aquests enlla\u00e7os com Konqueror, Arora, Flock, etc. Per evitar aquests desajustaments, podeu accedir directament des de les opcions del vostre navegador, generalment al men\u00fa d&#039;Opcions a la secci\u00f3 de Privadesa. (Si us plau, consulteu l&#039;ajuda del vostre navegador per a m\u00e9s informaci\u00f3).<\/p>\n\n\n\n<p><strong>CANVIS A LA PRESENT POL\u00cdTICA DE COOKIES<\/strong><\/p>\n\n\n\n<p><strong><strong>AFIRMA JUR\u00cdDIC<\/strong><\/strong> es reserva el dret a modificar aquesta pol\u00edtica per adaptar-la a novetats legislatives o jurisprudencials.<\/p>\n\n\n\n<p><strong>DESACTIVACI\u00d3 \/ ACTIVACI\u00d3 I ELIMINACI\u00d3 DE COOKIES<\/strong><\/p>\n\n\n\n<p>Per restringir o bloquejar les galetes, es fa a trav\u00e9s de la configuraci\u00f3 del navegador.<\/p>\n\n\n\n<p>Si no voleu que els llocs web posin cap galeta al vostre equip, podeu adaptar la configuraci\u00f3 del navegador de manera que se us notifiqui abans que es col\u00b7loqui cap galeta. De la mateixa manera, podeu adaptar la configuraci\u00f3 de manera que el navegador rebutgi totes les galetes, o \u00fanicament les galetes de tercers. Tamb\u00e9 podeu eliminar qualsevol de les galetes que ja es trobin a l&#039;equip. Recordeu que haureu d&#039;adaptar per separat la configuraci\u00f3 de cada navegador i equip que utilitzeu.<\/p>\n\n\n\n<p>Recordeu que, si no voleu rebre cookies, ja no podrem garantir que el nostre lloc web funcioni com cal. Potser algunes funcions del lloc es perden i \u00e9s possible que ja no pugueu veure certs llocs web. A m\u00e9s, va rebutjar les galetes no significa que ja no aneu a veure anuncis publicitaris. Simplement els anuncis no s&#039;ajustaran als vostres interessos i es repetiran amb m\u00e9s freq\u00fc\u00e8ncia.<\/p>\n\n\n\n<p>Cada navegador t\u00e9 un m\u00e8tode diferent per adaptar-ne la configuraci\u00f3. Si cal, consulteu la funci\u00f3 d&#039;ajuda del navegador per establir la configuraci\u00f3 correcta.<\/p>\n\n\n\n<p>Per desactivar les galetes al tel\u00e8fon m\u00f2bil, consulteu el manual del dispositiu per obtenir m\u00e9s informaci\u00f3.<\/p>\n\n\n\n<p>Podeu obtenir m\u00e9s informaci\u00f3 sobre les cookies a Internet, <a href=\"http:\/\/www.aboutcookies.org\/\">http:\/\/www.aboutcookies.org\/<\/a>.<\/p>\n\n\n\n<p>Tenint en compte la manera com funciona Internet i els llocs web, no sempre comptem amb informaci\u00f3 de les cookies que col\u00b7loquen terceres parts a trav\u00e9s del nostre lloc web. Aix\u00f2 s&#039;aplica especialment a casos en qu\u00e8 la p\u00e0gina web cont\u00e9 all\u00f2 que s&#039;anomenen elements integrats: textos, documents, imatges o breus pel\u00b7l\u00edcules que s&#039;emmagatzemen en una altra part, per\u00f2 es mostren al nostre lloc web o mitjan\u00e7ant aquest.<\/p>\n\n\n\n<p>Per tant, en cas que es trobi amb aquest tipus de cookies en aquest lloc web i no estiguin enumerades a la llista anterior, us preguem que ens ho comuniqueu. O b\u00e9 poseu-vos en contacte directament amb el tercer per demanar-li informaci\u00f3 sobre les cookies que col\u00b7loca, la finalitat i la durada de la galeta, i com ha garantit la seva privadesa.<\/p>\n\n\n\n<p><strong>INFORMACI\u00d3 RELACIONADA AMB EL TRACTAMENT DE DADES PERSONALS (ART.13 RGPD)<\/strong><\/p>\n\n\n\n<p><strong>Qui \u00e9s el responsable del tractament de les vostres dades personals?<\/strong><\/p>\n\n\n\n<p><strong><strong>AFIRMA JUR\u00cdDIC<\/strong><\/strong> \u00e9s el responsable del tractament de les dades personals que vost\u00e8 ens proporciona, situat aEdifici BCIN \u2013 C\/ Marcus Porcius, 1<br>08915 Badalona, Barcelona. 93 464 80 03. antonio.lopez@afirmajuridico.com. <\/p>\n\n\n\n<p><strong>Per qu\u00e8 utilitzem les vostres dades personals?<\/strong><\/p>\n\n\n\n<p>La informaci\u00f3 recopilada a trav\u00e9s de les cookies pr\u00f2pies (cookies de sessi\u00f3 i d&#039;entrada d&#039;usuari) se solen utilitzar per rastrejar les accions de l&#039;usuari en omplir els formularis en l\u00ednia a diverses p\u00e0gines, o com a cistella de la compra per fer el seguiment dels articles que l&#039;usuari ha seleccionat en pr\u00e9mer un bot\u00f3, o per personalitzar la <em>interf\u00edcie <\/em>de lusuari en visitar la p\u00e0gina web.<\/p>\n\n\n\n<p>La informaci\u00f3 recopilada a trav\u00e9s de les galetes de tercers \u00e9s la seg\u00fcent:&nbsp;<\/p>\n\n\n\n<ul class=\"wp-block-list\">\n<li>A trav\u00e9s de les galetes anal\u00edtiques s&#039;analitzen els seus h\u00e0bits de navegaci\u00f3 per millorar els serveis prestats;<\/li>\n\n\n\n<li>A trav\u00e9s de les galetes comportamentals es recull informaci\u00f3 sobre les prefer\u00e8ncies de l&#039;usuari per gestionar els espais publicitaris de la manera m\u00e9s efica\u00e7 possible;<\/li>\n\n\n\n<li>a trav\u00e9s de les galetes publicit\u00e0ries es mesura el rendiment dels anuncis i es proporcionen recomanacions relatives a productes basades en dades estad\u00edstiques.<\/li>\n<\/ul>\n\n\n\n<p>Per veure exactament l&#039;\u00fas de les galetes vegeu el quadre sobre l&#039;\u00fas de les galetes en aquesta web.<\/p>\n\n\n\n<p><strong>Quina \u00e9s la base legal per al tractament de les vostres dades personals?<\/strong><\/p>\n\n\n\n<p>La legitimaci\u00f3 per al tractament de les vostres dades personals ve donada pel seu consentiment, atorgat en el moment de posar-se en contacte amb nosaltres, per a la utilitzaci\u00f3 de cookies anal\u00edtiques, comportamentals i publicit\u00e0ries; per a les galetes de sessi\u00f3 o personalitzaci\u00f3, la legitimaci\u00f3 per al tractament ve donada per l&#039;inter\u00e8s leg\u00edtim del prestador (responsable del tractament).<\/p>\n\n\n\n<p><strong>A qui comuniquem les vostres dades?<\/strong><\/p>\n\n\n\n<p>No se cediran ni comunicaran dades a tercers, excepte per obligaci\u00f3 legal o als tercers indicats en cas d&#039;\u00fas de cookies gestionades per aquests.<\/p>\n\n\n\n<p><strong>Quin \u00e9s el termini de conservaci\u00f3 de les vostres dades?<\/strong><\/p>\n\n\n\n<p>El termini de conservaci\u00f3 de les dades recollides \u00e9s l&#039;indicat al quadre sobre l&#039;\u00fas de les galetes en aquesta web.<\/p>\n\n\n\n<p><strong>Quins s\u00f3n els vostres drets?<\/strong><\/p>\n\n\n\n<p>Els drets que emparen l&#039;usuari s\u00f3n els d&#039;acc\u00e9s, rectificaci\u00f3, supressi\u00f3, portabilitat, retirada del consentiment (sense que aix\u00f2 afecti la licitud del tractament atorgat pr\u00e8viament a la seva retirada), oposici\u00f3 al tractament, limitaci\u00f3 (en determinades circumst\u00e0ncies) ia presentar una reclamaci\u00f3 davant l&#039;autoritat de control (l&#039;Ag\u00e8ncia Espanyola de protecci\u00f3 de dades, <a href=\"http:\/\/www.aepd.es\">www.aepd.es<\/a>).<\/p>","protected":false},"excerpt":{"rendered":"<p>INTRODUCCI\u00d3N La web de AFIRMA JUR\u00cdDICO utiliza cookies propias y de terceros. Una cookie es un archivo que se descarga [&hellip;]<\/p>\n","protected":false},"author":1,"featured_media":0,"parent":0,"menu_order":0,"comment_status":"closed","ping_status":"closed","template":"","meta":{"site-sidebar-layout":"default","site-content-layout":"","ast-site-content-layout":"default","site-content-style":"default","site-sidebar-style":"default","ast-global-header-display":"","ast-banner-title-visibility":"","ast-main-header-display":"","ast-hfb-above-header-display":"","ast-hfb-below-header-display":"","ast-hfb-mobile-header-display":"","site-post-title":"","ast-breadcrumbs-content":"","ast-featured-img":"","footer-sml-layout":"","ast-disable-related-posts":"","theme-transparent-header-meta":"","adv-header-id-meta":"","stick-header-meta":"","header-above-stick-meta":"","header-main-stick-meta":"","header-below-stick-meta":"","astra-migrate-meta-layouts":"default","ast-page-background-enabled":"default","ast-page-background-meta":{"desktop":{"background-color":"var(--ast-global-color-4)","background-image":"","background-repeat":"repeat","background-position":"center center","background-size":"auto","background-attachment":"scroll","background-type":"","background-media":"","overlay-type":"","overlay-color":"","overlay-opacity":"","overlay-gradient":""},"tablet":{"background-color":"","background-image":"","background-repeat":"repeat","background-position":"center center","background-size":"auto","background-attachment":"scroll","background-type":"","background-media":"","overlay-type":"","overlay-color":"","overlay-opacity":"","overlay-gradient":""},"mobile":{"background-color":"","background-image":"","background-repeat":"repeat","background-position":"center center","background-size":"auto","background-attachment":"scroll","background-type":"","background-media":"","overlay-type":"","overlay-color":"","overlay-opacity":"","overlay-gradient":""}},"ast-content-background-meta":{"desktop":{"background-color":"var(--ast-global-color-5)","background-image":"","background-repeat":"repeat","background-position":"center center","background-size":"auto","background-attachment":"scroll","background-type":"","background-media":"","overlay-type":"","overlay-color":"","overlay-opacity":"","overlay-gradient":""},"tablet":{"background-color":"var(--ast-global-color-5)","background-image":"","background-repeat":"repeat","background-position":"center center","background-size":"auto","background-attachment":"scroll","background-type":"","background-media":"","overlay-type":"","overlay-color":"","overlay-opacity":"","overlay-gradient":""},"mobile":{"background-color":"var(--ast-global-color-5)","background-image":"","background-repeat":"repeat","background-position":"center center","background-size":"auto","background-attachment":"scroll","background-type":"","background-media":"","overlay-type":"","overlay-color":"","overlay-opacity":"","overlay-gradient":""}},"footnotes":""},"class_list":["post-1197","page","type-page","status-publish","hentry"],"yoast_head":"<!-- This site is optimized with the Yoast SEO plugin v27.5 - https:\/\/yoast.com\/product\/yoast-seo-wordpress\/ -->\n<title>Pol\u00edtica de cookies - Afirma Juridico<\/title>\n<meta name=\"robots\" content=\"index, follow, max-snippet:-1, max-image-preview:large, max-video-preview:-1\" \/>\n<link rel=\"canonical\" href=\"https:\/\/afirmajuridico.com\/cat\/politica-de-cookies\/\" \/>\n<meta property=\"og:locale\" content=\"ca_ES\" \/>\n<meta property=\"og:type\" content=\"article\" \/>\n<meta property=\"og:title\" content=\"Pol\u00edtica de cookies - Afirma Juridico\" \/>\n<meta property=\"og:description\" content=\"INTRODUCCI\u00d3N La web de AFIRMA JUR\u00cdDICO utiliza cookies propias y de terceros. Una cookie es un archivo que se descarga [&hellip;]\" \/>\n<meta property=\"og:url\" content=\"https:\/\/afirmajuridico.com\/cat\/politica-de-cookies\/\" \/>\n<meta property=\"og:site_name\" content=\"Afirma Juridico\" \/>\n<meta property=\"article:modified_time\" content=\"2025-09-10T15:53:55+00:00\" \/>\n<meta name=\"twitter:card\" content=\"summary_large_image\" \/>\n<meta name=\"twitter:label1\" content=\"Temps estimat de lectura\" \/>\n\t<meta name=\"twitter:data1\" content=\"8 minuts\" \/>\n<script type=\"application\/ld+json\" class=\"yoast-schema-graph\">{\"@context\":\"https:\\\/\\\/schema.org\",\"@graph\":[{\"@type\":\"WebPage\",\"@id\":\"https:\\\/\\\/afirmajuridico.com\\\/politica-de-cookies\\\/\",\"url\":\"https:\\\/\\\/afirmajuridico.com\\\/politica-de-cookies\\\/\",\"name\":\"Pol\u00edtica de cookies - Afirma Juridico\",\"isPartOf\":{\"@id\":\"https:\\\/\\\/afirmajuridico.com\\\/#website\"},\"datePublished\":\"2024-02-07T08:24:35+00:00\",\"dateModified\":\"2025-09-10T15:53:55+00:00\",\"breadcrumb\":{\"@id\":\"https:\\\/\\\/afirmajuridico.com\\\/politica-de-cookies\\\/#breadcrumb\"},\"inLanguage\":\"ca\",\"potentialAction\":[{\"@type\":\"ReadAction\",\"target\":[\"https:\\\/\\\/afirmajuridico.com\\\/politica-de-cookies\\\/\"]}]},{\"@type\":\"BreadcrumbList\",\"@id\":\"https:\\\/\\\/afirmajuridico.com\\\/politica-de-cookies\\\/#breadcrumb\",\"itemListElement\":[{\"@type\":\"ListItem\",\"position\":1,\"name\":\"Portada\",\"item\":\"https:\\\/\\\/afirmajuridico.com\\\/\"},{\"@type\":\"ListItem\",\"position\":2,\"name\":\"Pol\u00edtica de cookies\"}]},{\"@type\":\"WebSite\",\"@id\":\"https:\\\/\\\/afirmajuridico.com\\\/#website\",\"url\":\"https:\\\/\\\/afirmajuridico.com\\\/\",\"name\":\"Afirma Juridico\",\"description\":\"\",\"potentialAction\":[{\"@type\":\"SearchAction\",\"target\":{\"@type\":\"EntryPoint\",\"urlTemplate\":\"https:\\\/\\\/afirmajuridico.com\\\/?s={search_term_string}\"},\"query-input\":{\"@type\":\"PropertyValueSpecification\",\"valueRequired\":true,\"valueName\":\"search_term_string\"}}],\"inLanguage\":\"ca\"}]}<\/script>\n<!-- \/ Yoast SEO plugin. -->","yoast_head_json":{"title":"Pol\u00edtica de cookies - Afirma Juridico","robots":{"index":"index","follow":"follow","max-snippet":"max-snippet:-1","max-image-preview":"max-image-preview:large","max-video-preview":"max-video-preview:-1"},"canonical":"https:\/\/afirmajuridico.com\/cat\/politica-de-cookies\/","og_locale":"ca_ES","og_type":"article","og_title":"Pol\u00edtica de cookies - Afirma Juridico","og_description":"INTRODUCCI\u00d3N La web de AFIRMA JUR\u00cdDICO utiliza cookies propias y de terceros. Una cookie es un archivo que se descarga [&hellip;]","og_url":"https:\/\/afirmajuridico.com\/cat\/politica-de-cookies\/","og_site_name":"Afirma Juridico","article_modified_time":"2025-09-10T15:53:55+00:00","twitter_card":"summary_large_image","twitter_misc":{"Temps estimat de lectura":"8 minuts"},"schema":{"@context":"https:\/\/schema.org","@graph":[{"@type":"WebPage","@id":"https:\/\/afirmajuridico.com\/politica-de-cookies\/","url":"https:\/\/afirmajuridico.com\/politica-de-cookies\/","name":"Pol\u00edtica de cookies - Afirma Juridico","isPartOf":{"@id":"https:\/\/afirmajuridico.com\/#website"},"datePublished":"2024-02-07T08:24:35+00:00","dateModified":"2025-09-10T15:53:55+00:00","breadcrumb":{"@id":"https:\/\/afirmajuridico.com\/politica-de-cookies\/#breadcrumb"},"inLanguage":"ca","potentialAction":[{"@type":"ReadAction","target":["https:\/\/afirmajuridico.com\/politica-de-cookies\/"]}]},{"@type":"BreadcrumbList","@id":"https:\/\/afirmajuridico.com\/politica-de-cookies\/#breadcrumb","itemListElement":[{"@type":"ListItem","position":1,"name":"Portada","item":"https:\/\/afirmajuridico.com\/"},{"@type":"ListItem","position":2,"name":"Pol\u00edtica de cookies"}]},{"@type":"WebSite","@id":"https:\/\/afirmajuridico.com\/#website","url":"https:\/\/afirmajuridico.com\/","name":"Afirma Juridico","description":"","potentialAction":[{"@type":"SearchAction","target":{"@type":"EntryPoint","urlTemplate":"https:\/\/afirmajuridico.com\/?s={search_term_string}"},"query-input":{"@type":"PropertyValueSpecification","valueRequired":true,"valueName":"search_term_string"}}],"inLanguage":"ca"}]}},"_links":{"self":[{"href":"https:\/\/afirmajuridico.com\/cat\/wp-json\/wp\/v2\/pages\/1197","targetHints":{"allow":["GET"]}}],"collection":[{"href":"https:\/\/afirmajuridico.com\/cat\/wp-json\/wp\/v2\/pages"}],"about":[{"href":"https:\/\/afirmajuridico.com\/cat\/wp-json\/wp\/v2\/types\/page"}],"author":[{"embeddable":true,"href":"https:\/\/afirmajuridico.com\/cat\/wp-json\/wp\/v2\/users\/1"}],"replies":[{"embeddable":true,"href":"https:\/\/afirmajuridico.com\/cat\/wp-json\/wp\/v2\/comments?post=1197"}],"version-history":[{"count":10,"href":"https:\/\/afirmajuridico.com\/cat\/wp-json\/wp\/v2\/pages\/1197\/revisions"}],"predecessor-version":[{"id":1951,"href":"https:\/\/afirmajuridico.com\/cat\/wp-json\/wp\/v2\/pages\/1197\/revisions\/1951"}],"wp:attachment":[{"href":"https:\/\/afirmajuridico.com\/cat\/wp-json\/wp\/v2\/media?parent=1197"}],"curies":[{"name":"wp","href":"https:\/\/api.w.org\/{rel}","templated":true}]}}