{"id":152,"date":"2024-01-26T12:18:44","date_gmt":"2024-01-26T11:18:44","guid":{"rendered":"http:\/\/afirma-juridico.local\/?page_id=152"},"modified":"2025-08-28T12:55:05","modified_gmt":"2025-08-28T10:55:05","slug":"intermediacion-en-credito-immobiliario","status":"publish","type":"page","link":"https:\/\/afirmajuridico.com\/cat\/intermediacion-en-credito-immobiliario\/","title":{"rendered":"Intermediaci\u00f3 en Cr\u00e8dit immobiliari"},"content":{"rendered":"\t\t<div data-elementor-type=\"wp-page\" data-elementor-id=\"152\" class=\"elementor elementor-152\" data-elementor-post-type=\"page\">\n\t\t\t\t<div class=\"elementor-element elementor-element-efb392f e-flex e-con-boxed e-con e-parent\" data-id=\"efb392f\" data-element_type=\"container\" data-e-type=\"container\" data-settings=\"{&quot;background_background&quot;:&quot;classic&quot;}\">\n\t\t\t\t\t<div class=\"e-con-inner\">\n\t\t\t\t<div class=\"elementor-element elementor-element-c367f54 elementor-widget elementor-widget-heading\" data-id=\"c367f54\" data-element_type=\"widget\" data-e-type=\"widget\" data-widget_type=\"heading.default\">\n\t\t\t\t<div class=\"elementor-widget-container\">\n\t\t\t\t\t<h1 class=\"elementor-heading-title elementor-size-default\">Intermediaci\u00f3n en cr\u00e9dito inmobiliario<\/h1>\t\t\t\t<\/div>\n\t\t\t\t<\/div>\n\t\t\t\t\t<\/div>\n\t\t\t\t<\/div>\n\t\t<div class=\"elementor-element elementor-element-9405395 e-flex e-con-boxed e-con e-parent\" data-id=\"9405395\" data-element_type=\"container\" data-e-type=\"container\">\n\t\t\t\t\t<div class=\"e-con-inner\">\n\t\t\t\t<div class=\"elementor-element elementor-element-fb3291f elementor-widget elementor-widget-heading\" data-id=\"fb3291f\" data-element_type=\"widget\" data-e-type=\"widget\" data-widget_type=\"heading.default\">\n\t\t\t\t<div class=\"elementor-widget-container\">\n\t\t\t\t\t<h2 class=\"elementor-heading-title elementor-size-default\">Intermediaci\u00f3n en cr\u00e9dito inmobiliario<\/h2>\t\t\t\t<\/div>\n\t\t\t\t<\/div>\n\t\t\t\t\t<\/div>\n\t\t\t\t<\/div>\n\t\t<div class=\"elementor-element elementor-element-22efe57 e-flex e-con-boxed e-con e-parent\" data-id=\"22efe57\" data-element_type=\"container\" data-e-type=\"container\">\n\t\t\t\t\t<div class=\"e-con-inner\">\n\t\t\t\t<div class=\"elementor-element elementor-element-9860205 elementor-widget elementor-widget-text-editor\" data-id=\"9860205\" data-element_type=\"widget\" data-e-type=\"widget\" data-widget_type=\"text-editor.default\">\n\t\t\t\t<div class=\"elementor-widget-container\">\n\t\t\t\t\t\t\t\t\t<p>De entre los servicios jur\u00eddicos relativos a contratos, productos y servicios bancarios que se ofrecen a particulares y a empresas, AFIRMA ofrece los servicios de intermediaci\u00f3n en cr\u00e9dito inmobiliario.<\/p><p><strong>\u00bfEn qu\u00e9 consiste?:<\/strong> La actividad de intermediaci\u00f3n en cr\u00e9dito inmobiliario es una actividad regulada por la Ley 5\/2019 de 15 de marzo, reguladora de los contratos de cr\u00e9dito inmobiliario que, resumidamente, se refiere a pr\u00e9stamos y cr\u00e9ditos contratados por personas f\u00edsicas con garant\u00eda hipotecaria sobre viviendas o que tengan como finalidad que el consumidor adquiera o conserve la propiedad de inmuebles construidos o por construir.<\/p><p><strong>\u00bfQu\u00e9 hace el intermediario de cr\u00e9dito inmobiliario?:<\/strong> Principalmente, poner en contacto a una persona f\u00edsica (como futuro prestatario) con un banco u otra entidad financiera para presentar u ofrecer a los clientes prestatarios los contratos de pr\u00e9stamo y\/o ayudarles en los tr\u00e1mites y gestiones previos a la formalizaci\u00f3n del contrato; o colaborar con entidades financieras en la formalizaci\u00f3n de los contratos en su nombre.<\/p><p><strong>\u00bfQu\u00e9 se exige para ser intermediario de cr\u00e9dito inmobiliario?:<\/strong> La Ley 5\/2019 establece una serie de requisitos que deben acreditarse ante el Banco de Espa\u00f1a, b\u00e1sicamente:<\/p><ol><li>Tener los conocimientos y competencias exigidas por la normativa y, en particular, haber superado un curso de formaci\u00f3n especializada por entidades o empresas certificadoras, reconocidas expresamente por el Banco de Espa\u00f1a, as\u00ed como tener y cumplir anualmente con un programa de formaci\u00f3n continuada.<\/li><li>Poseer reconocida honorabilidad comercial y profesional.<\/li><li>Inscribirse en el registro de intermediarios financieros del Banco de Espa\u00f1a, para lo que se requiere acreditar, adem\u00e1s de los extremos anteriores y otros requisitos que:<\/li><\/ol><ul><li>Cuenten con los procedimientos escritos y capacidad t\u00e9cnica y operativa legalmente exigidos.<\/li><li>Tengan contratado un seguro de responsabilidad civil profesional.<\/li><\/ul><p><strong>\u00bfQu\u00e9 informaci\u00f3n y cu\u00e1ndo debe facilitar el intermediario al cliente prestatario?:<\/strong> La ley exige que antes de la prestaci\u00f3n de los servicios de intermediaci\u00f3n se facilite al cliente prestatario detallada informaci\u00f3n sobre el intermediario, su actividad y remuneraci\u00f3n. AFIRMA cumple con estos requisitos de informaci\u00f3n en el encargo o contrato que se suscribir\u00e1 con el cliente prestatario y\/o con las entidades financieras.<\/p><p><strong>Procedimiento para presentar quejas y reclamaciones.<\/strong> De conformidad con lo dispuesto en la normativa, AFIRMA pone a disposici\u00f3n de los los clientes prestatarios un procedimiento para realizar reclamaciones extrajudiciales por la prestaci\u00f3n del servicio de intermediaci\u00f3n en cr\u00e9dito inmobiliario que puede consultarse <a href=\"https:\/\/afirmajuridico.com\/wp-content\/uploads\/2025\/08\/Procedimiento-de-Resolucion-de-reclamaciones.docx\">clicando aqu\u00ed<\/a>.<\/p>\t\t\t\t\t\t\t\t<\/div>\n\t\t\t\t<\/div>\n\t\t\t\t\t<\/div>\n\t\t\t\t<\/div>\n\t\t<div class=\"elementor-element elementor-element-b8c0562 e-flex e-con-boxed e-con e-parent\" data-id=\"b8c0562\" data-element_type=\"container\" data-e-type=\"container\">\n\t\t\t\t\t<div class=\"e-con-inner\">\n\t\t\t\t<div class=\"elementor-element elementor-element-12efb5e elementor-widget elementor-widget-heading\" data-id=\"12efb5e\" data-element_type=\"widget\" data-e-type=\"widget\" data-widget_type=\"heading.default\">\n\t\t\t\t<div class=\"elementor-widget-container\">\n\t\t\t\t\t<h2 class=\"elementor-heading-title elementor-size-default\">Pide m\u00e1s Informaci\u00f3n<\/h2>\t\t\t\t<\/div>\n\t\t\t\t<\/div>\n\t\t\t\t\t<\/div>\n\t\t\t\t<\/div>\n\t\t<div class=\"elementor-element elementor-element-0f2da1d e-flex e-con-boxed e-con e-parent\" data-id=\"0f2da1d\" data-element_type=\"container\" data-e-type=\"container\">\n\t\t\t\t\t<div class=\"e-con-inner\">\n\t\t<div class=\"elementor-element elementor-element-51c351c e-con-full e-flex e-con e-child\" data-id=\"51c351c\" data-element_type=\"container\" data-e-type=\"container\">\n\t\t\t\t<div class=\"elementor-element elementor-element-46ab183 elementor-widget elementor-widget-heading\" data-id=\"46ab183\" data-element_type=\"widget\" data-e-type=\"widget\" data-widget_type=\"heading.default\">\n\t\t\t\t<div class=\"elementor-widget-container\">\n\t\t\t\t\t<h3 class=\"elementor-heading-title elementor-size-default\">\u00bfHablamos?<\/h3>\t\t\t\t<\/div>\n\t\t\t\t<\/div>\n\t\t\t\t<div class=\"elementor-element elementor-element-208c6e6 elementor-widget elementor-widget-heading\" data-id=\"208c6e6\" data-element_type=\"widget\" data-e-type=\"widget\" data-widget_type=\"heading.default\">\n\t\t\t\t<div class=\"elementor-widget-container\">\n\t\t\t\t\t<p class=\"elementor-heading-title elementor-size-small\">93 464 80 03<\/p>\t\t\t\t<\/div>\n\t\t\t\t<\/div>\n\t\t\t\t<div class=\"elementor-element elementor-element-013572c elementor-widget elementor-widget-heading\" data-id=\"013572c\" data-element_type=\"widget\" data-e-type=\"widget\" data-widget_type=\"heading.default\">\n\t\t\t\t<div class=\"elementor-widget-container\">\n\t\t\t\t\t<p class=\"elementor-heading-title elementor-size-default\">antonio.lopez@afirmajuridico.com<\/p>\t\t\t\t<\/div>\n\t\t\t\t<\/div>\n\t\t\t\t<div class=\"elementor-element elementor-element-4c9ea6d elementor-widget elementor-widget-heading\" data-id=\"4c9ea6d\" data-element_type=\"widget\" data-e-type=\"widget\" data-widget_type=\"heading.default\">\n\t\t\t\t<div class=\"elementor-widget-container\">\n\t\t\t\t\t<h3 class=\"elementor-heading-title elementor-size-default\">Direcci\u00f3n <\/h3>\t\t\t\t<\/div>\n\t\t\t\t<\/div>\n\t\t\t\t<div class=\"elementor-element elementor-element-892d8f8 elementor-widget elementor-widget-text-editor\" data-id=\"892d8f8\" data-element_type=\"widget\" data-e-type=\"widget\" data-widget_type=\"text-editor.default\">\n\t\t\t\t<div class=\"elementor-widget-container\">\n\t\t\t\t\t\t\t\t\t<p>Edifici BCIN &#8211; C\/ Marcus Porcius, 1<br \/>08915 Badalona (Barcelona)<\/p>\t\t\t\t\t\t\t\t<\/div>\n\t\t\t\t<\/div>\n\t\t\t\t<\/div>\n\t\t<div class=\"elementor-element elementor-element-02be878 e-con-full e-flex e-con e-child\" data-id=\"02be878\" data-element_type=\"container\" data-e-type=\"container\">\n\t\t\t\t<div class=\"elementor-element elementor-element-2533c44 elementor-button-align-stretch elementor-widget elementor-widget-form\" data-id=\"2533c44\" data-element_type=\"widget\" data-e-type=\"widget\" data-settings=\"{&quot;step_next_label&quot;:&quot;Next&quot;,&quot;step_previous_label&quot;:&quot;Previous&quot;,&quot;button_width&quot;:&quot;100&quot;,&quot;step_type&quot;:&quot;number_text&quot;,&quot;step_icon_shape&quot;:&quot;circle&quot;}\" data-widget_type=\"form.default\">\n\t\t\t\t<div class=\"elementor-widget-container\">\n\t\t\t\t\t\t\t<form class=\"elementor-form\" method=\"post\" name=\"New Form\">\n\t\t\t<input type=\"hidden\" name=\"post_id\" value=\"152\"\/>\n\t\t\t<input type=\"hidden\" name=\"form_id\" value=\"2533c44\"\/>\n\t\t\t<input type=\"hidden\" name=\"referer_title\" value=\"Intermediaci\u00f3n en Cr\u00e9dito immobiliario - Afirma Juridico\" \/>\n\n\t\t\t\t\t\t\t<input type=\"hidden\" name=\"queried_id\" value=\"152\"\/>\n\t\t\t\n\t\t\t<div class=\"elementor-form-fields-wrapper elementor-labels-above\">\n\t\t\t\t\t\t\t\t<div class=\"elementor-field-type-text elementor-field-group elementor-column elementor-field-group-name elementor-col-100\">\n\t\t\t\t\t\t\t\t\t\t\t\t<label for=\"form-field-name\" class=\"elementor-field-label\">\n\t\t\t\t\t\t\t\tNOMBRE\t\t\t\t\t\t\t<\/label>\n\t\t\t\t\t\t\t\t\t\t\t\t\t\t<input size=\"1\" type=\"text\" name=\"form_fields[name]\" id=\"form-field-name\" class=\"elementor-field elementor-size-sm  elementor-field-textual\">\n\t\t\t\t\t\t\t\t\t\t\t<\/div>\n\t\t\t\t\t\t\t\t<div class=\"elementor-field-type-email elementor-field-group elementor-column elementor-field-group-email elementor-col-100 elementor-field-required\">\n\t\t\t\t\t\t\t\t\t\t\t\t<label for=\"form-field-email\" class=\"elementor-field-label\">\n\t\t\t\t\t\t\t\tCORREO ELECTR\u00d3NICO\t\t\t\t\t\t\t<\/label>\n\t\t\t\t\t\t\t\t\t\t\t\t\t\t<input size=\"1\" type=\"email\" name=\"form_fields[email]\" id=\"form-field-email\" class=\"elementor-field elementor-size-sm  elementor-field-textual\" required=\"required\">\n\t\t\t\t\t\t\t\t\t\t\t<\/div>\n\t\t\t\t\t\t\t\t<div class=\"elementor-field-type-text elementor-field-group elementor-column elementor-field-group-field_426cc04 elementor-col-100\">\n\t\t\t\t\t\t\t\t\t\t\t\t<label for=\"form-field-field_426cc04\" class=\"elementor-field-label\">\n\t\t\t\t\t\t\t\tASUNTO\t\t\t\t\t\t\t<\/label>\n\t\t\t\t\t\t\t\t\t\t\t\t\t\t<input size=\"1\" type=\"text\" name=\"form_fields[field_426cc04]\" id=\"form-field-field_426cc04\" class=\"elementor-field elementor-size-sm  elementor-field-textual\">\n\t\t\t\t\t\t\t\t\t\t\t<\/div>\n\t\t\t\t\t\t\t\t<div class=\"elementor-field-type-textarea elementor-field-group elementor-column elementor-field-group-message elementor-col-100\">\n\t\t\t\t\t\t\t\t\t\t\t\t<label for=\"form-field-message\" class=\"elementor-field-label\">\n\t\t\t\t\t\t\t\tMENSAJE\t\t\t\t\t\t\t<\/label>\n\t\t\t\t\t\t<textarea class=\"elementor-field-textual elementor-field  elementor-size-sm\" name=\"form_fields[message]\" id=\"form-field-message\" rows=\"4\"><\/textarea>\t\t\t\t<\/div>\n\t\t\t\t\t\t\t\t<div class=\"elementor-field-type-recaptcha elementor-field-group elementor-column elementor-field-group-field_5608391 elementor-col-100\">\n\t\t\t\t\t<div class=\"elementor-field\" id=\"form-field-field_5608391\"><div class=\"elementor-g-recaptcha\" data-sitekey=\"6LeHhXApAAAAAHjKAt1F2vcIjZ7ehsOFeqSiJdIk\" data-type=\"v2_checkbox\" data-theme=\"light\" data-size=\"normal\"><\/div><\/div>\t\t\t\t<\/div>\n\t\t\t\t\t\t\t\t<div class=\"elementor-field-group elementor-column elementor-field-type-submit elementor-col-100 e-form__buttons\">\n\t\t\t\t\t<button class=\"elementor-button elementor-size-sm\" type=\"submit\">\n\t\t\t\t\t\t<span class=\"elementor-button-content-wrapper\">\n\t\t\t\t\t\t\t\t\t\t\t\t\t\t\t\t\t\t\t\t\t\t<span class=\"elementor-button-text\">Enviar<\/span>\n\t\t\t\t\t\t\t\t\t\t\t\t\t<\/span>\n\t\t\t\t\t<\/button>\n\t\t\t\t<\/div>\n\t\t\t<\/div>\n\t\t<\/form>\n\t\t\t\t\t\t<\/div>\n\t\t\t\t<\/div>\n\t\t\t\t<\/div>\n\t\t\t\t\t<\/div>\n\t\t\t\t<\/div>\n\t\t\t\t<\/div>\n\t\t","protected":false},"excerpt":{"rendered":"<p>Intermediaci\u00f3n en cr\u00e9dito inmobiliario Intermediaci\u00f3n en cr\u00e9dito inmobiliario De entre los servicios jur\u00eddicos relativos a contratos, productos y servicios bancarios [&hellip;]<\/p>\n","protected":false},"author":1,"featured_media":0,"parent":0,"menu_order":0,"comment_status":"closed","ping_status":"closed","template":"","meta":{"site-sidebar-layout":"no-sidebar","site-content-layout":"","ast-site-content-layout":"full-width-container","site-content-style":"default","site-sidebar-style":"default","ast-global-header-display":"disabled","ast-banner-title-visibility":"disabled","ast-main-header-display":"","ast-hfb-above-header-display":"","ast-hfb-below-header-display":"","ast-hfb-mobile-header-display":"","site-post-title":"disabled","ast-breadcrumbs-content":"","ast-featured-img":"disabled","footer-sml-layout":"disabled","ast-disable-related-posts":"","theme-transparent-header-meta":"","adv-header-id-meta":"","stick-header-meta":"","header-above-stick-meta":"","header-main-stick-meta":"","header-below-stick-meta":"","astra-migrate-meta-layouts":"default","ast-page-background-enabled":"default","ast-page-background-meta":{"desktop":{"background-color":"var(--ast-global-color-4)","background-image":"","background-repeat":"repeat","background-position":"center center","background-size":"auto","background-attachment":"scroll","background-type":"","background-media":"","overlay-type":"","overlay-color":"","overlay-opacity":"","overlay-gradient":""},"tablet":{"background-color":"","background-image":"","background-repeat":"repeat","background-position":"center center","background-size":"auto","background-attachment":"scroll","background-type":"","background-media":"","overlay-type":"","overlay-color":"","overlay-opacity":"","overlay-gradient":""},"mobile":{"background-color":"","background-image":"","background-repeat":"repeat","background-position":"center center","background-size":"auto","background-attachment":"scroll","background-type":"","background-media":"","overlay-type":"","overlay-color":"","overlay-opacity":"","overlay-gradient":""}},"ast-content-background-meta":{"desktop":{"background-color":"var(--ast-global-color-5)","background-image":"","background-repeat":"repeat","background-position":"center center","background-size":"auto","background-attachment":"scroll","background-type":"","background-media":"","overlay-type":"","overlay-color":"","overlay-opacity":"","overlay-gradient":""},"tablet":{"background-color":"var(--ast-global-color-5)","background-image":"","background-repeat":"repeat","background-position":"center center","background-size":"auto","background-attachment":"scroll","background-type":"","background-media":"","overlay-type":"","overlay-color":"","overlay-opacity":"","overlay-gradient":""},"mobile":{"background-color":"var(--ast-global-color-5)","background-image":"","background-repeat":"repeat","background-position":"center center","background-size":"auto","background-attachment":"scroll","background-type":"","background-media":"","overlay-type":"","overlay-color":"","overlay-opacity":"","overlay-gradient":""}},"footnotes":""},"class_list":["post-152","page","type-page","status-publish","hentry"],"yoast_head":"<!-- This site is optimized with the Yoast SEO plugin v27.6 - https:\/\/yoast.com\/product\/yoast-seo-wordpress\/ -->\n<title>Intermediaci\u00f3n en Cr\u00e9dito immobiliario - Afirma Juridico<\/title>\n<meta name=\"robots\" content=\"index, follow, max-snippet:-1, max-image-preview:large, max-video-preview:-1\" \/>\n<link rel=\"canonical\" href=\"https:\/\/afirmajuridico.com\/cat\/intermediacion-en-credito-immobiliario\/\" \/>\n<meta property=\"og:locale\" content=\"ca_ES\" \/>\n<meta property=\"og:type\" content=\"article\" \/>\n<meta property=\"og:title\" content=\"Intermediaci\u00f3n en Cr\u00e9dito immobiliario - Afirma Juridico\" \/>\n<meta property=\"og:description\" content=\"Intermediaci\u00f3n en cr\u00e9dito inmobiliario Intermediaci\u00f3n en cr\u00e9dito inmobiliario De entre los servicios jur\u00eddicos relativos a contratos, productos y servicios bancarios [&hellip;]\" \/>\n<meta property=\"og:url\" content=\"https:\/\/afirmajuridico.com\/cat\/intermediacion-en-credito-immobiliario\/\" \/>\n<meta property=\"og:site_name\" content=\"Afirma Juridico\" \/>\n<meta property=\"article:modified_time\" content=\"2025-08-28T10:55:05+00:00\" \/>\n<meta name=\"twitter:card\" content=\"summary_large_image\" \/>\n<meta name=\"twitter:label1\" content=\"Temps estimat de lectura\" \/>\n\t<meta name=\"twitter:data1\" content=\"2 minuts\" \/>\n<script type=\"application\/ld+json\" class=\"yoast-schema-graph\">{\"@context\":\"https:\\\/\\\/schema.org\",\"@graph\":[{\"@type\":\"WebPage\",\"@id\":\"https:\\\/\\\/afirmajuridico.com\\\/intermediacion-en-credito-immobiliario\\\/\",\"url\":\"https:\\\/\\\/afirmajuridico.com\\\/intermediacion-en-credito-immobiliario\\\/\",\"name\":\"Intermediaci\u00f3n en Cr\u00e9dito immobiliario - Afirma Juridico\",\"isPartOf\":{\"@id\":\"https:\\\/\\\/afirmajuridico.com\\\/#website\"},\"datePublished\":\"2024-01-26T11:18:44+00:00\",\"dateModified\":\"2025-08-28T10:55:05+00:00\",\"breadcrumb\":{\"@id\":\"https:\\\/\\\/afirmajuridico.com\\\/intermediacion-en-credito-immobiliario\\\/#breadcrumb\"},\"inLanguage\":\"ca\",\"potentialAction\":[{\"@type\":\"ReadAction\",\"target\":[\"https:\\\/\\\/afirmajuridico.com\\\/intermediacion-en-credito-immobiliario\\\/\"]}]},{\"@type\":\"BreadcrumbList\",\"@id\":\"https:\\\/\\\/afirmajuridico.com\\\/intermediacion-en-credito-immobiliario\\\/#breadcrumb\",\"itemListElement\":[{\"@type\":\"ListItem\",\"position\":1,\"name\":\"Portada\",\"item\":\"https:\\\/\\\/afirmajuridico.com\\\/\"},{\"@type\":\"ListItem\",\"position\":2,\"name\":\"Intermediaci\u00f3n en Cr\u00e9dito immobiliario\"}]},{\"@type\":\"WebSite\",\"@id\":\"https:\\\/\\\/afirmajuridico.com\\\/#website\",\"url\":\"https:\\\/\\\/afirmajuridico.com\\\/\",\"name\":\"Afirma Juridico\",\"description\":\"\",\"potentialAction\":[{\"@type\":\"SearchAction\",\"target\":{\"@type\":\"EntryPoint\",\"urlTemplate\":\"https:\\\/\\\/afirmajuridico.com\\\/?s={search_term_string}\"},\"query-input\":{\"@type\":\"PropertyValueSpecification\",\"valueRequired\":true,\"valueName\":\"search_term_string\"}}],\"inLanguage\":\"ca\"}]}<\/script>\n<!-- \/ Yoast SEO plugin. -->","yoast_head_json":{"title":"Intermediaci\u00f3 en Cr\u00e8dit immobiliari - Afirma Juridico","robots":{"index":"index","follow":"follow","max-snippet":"max-snippet:-1","max-image-preview":"max-image-preview:large","max-video-preview":"max-video-preview:-1"},"canonical":"https:\/\/afirmajuridico.com\/cat\/intermediacion-en-credito-immobiliario\/","og_locale":"ca_ES","og_type":"article","og_title":"Intermediaci\u00f3n en Cr\u00e9dito immobiliario - Afirma Juridico","og_description":"Intermediaci\u00f3n en cr\u00e9dito inmobiliario Intermediaci\u00f3n en cr\u00e9dito inmobiliario De entre los servicios jur\u00eddicos relativos a contratos, productos y servicios bancarios [&hellip;]","og_url":"https:\/\/afirmajuridico.com\/cat\/intermediacion-en-credito-immobiliario\/","og_site_name":"Afirma Juridico","article_modified_time":"2025-08-28T10:55:05+00:00","twitter_card":"summary_large_image","twitter_misc":{"Temps estimat de lectura":"2 minuts"},"schema":{"@context":"https:\/\/schema.org","@graph":[{"@type":"WebPage","@id":"https:\/\/afirmajuridico.com\/intermediacion-en-credito-immobiliario\/","url":"https:\/\/afirmajuridico.com\/intermediacion-en-credito-immobiliario\/","name":"Intermediaci\u00f3 en Cr\u00e8dit immobiliari - Afirma Juridico","isPartOf":{"@id":"https:\/\/afirmajuridico.com\/#website"},"datePublished":"2024-01-26T11:18:44+00:00","dateModified":"2025-08-28T10:55:05+00:00","breadcrumb":{"@id":"https:\/\/afirmajuridico.com\/intermediacion-en-credito-immobiliario\/#breadcrumb"},"inLanguage":"ca","potentialAction":[{"@type":"ReadAction","target":["https:\/\/afirmajuridico.com\/intermediacion-en-credito-immobiliario\/"]}]},{"@type":"BreadcrumbList","@id":"https:\/\/afirmajuridico.com\/intermediacion-en-credito-immobiliario\/#breadcrumb","itemListElement":[{"@type":"ListItem","position":1,"name":"Portada","item":"https:\/\/afirmajuridico.com\/"},{"@type":"ListItem","position":2,"name":"Intermediaci\u00f3n en Cr\u00e9dito immobiliario"}]},{"@type":"WebSite","@id":"https:\/\/afirmajuridico.com\/#website","url":"https:\/\/afirmajuridico.com\/","name":"Afirma Juridico","description":"","potentialAction":[{"@type":"SearchAction","target":{"@type":"EntryPoint","urlTemplate":"https:\/\/afirmajuridico.com\/?s={search_term_string}"},"query-input":{"@type":"PropertyValueSpecification","valueRequired":true,"valueName":"search_term_string"}}],"inLanguage":"ca"}]}},"_links":{"self":[{"href":"https:\/\/afirmajuridico.com\/cat\/wp-json\/wp\/v2\/pages\/152","targetHints":{"allow":["GET"]}}],"collection":[{"href":"https:\/\/afirmajuridico.com\/cat\/wp-json\/wp\/v2\/pages"}],"about":[{"href":"https:\/\/afirmajuridico.com\/cat\/wp-json\/wp\/v2\/types\/page"}],"author":[{"embeddable":true,"href":"https:\/\/afirmajuridico.com\/cat\/wp-json\/wp\/v2\/users\/1"}],"replies":[{"embeddable":true,"href":"https:\/\/afirmajuridico.com\/cat\/wp-json\/wp\/v2\/comments?post=152"}],"version-history":[{"count":65,"href":"https:\/\/afirmajuridico.com\/cat\/wp-json\/wp\/v2\/pages\/152\/revisions"}],"predecessor-version":[{"id":1934,"href":"https:\/\/afirmajuridico.com\/cat\/wp-json\/wp\/v2\/pages\/152\/revisions\/1934"}],"wp:attachment":[{"href":"https:\/\/afirmajuridico.com\/cat\/wp-json\/wp\/v2\/media?parent=152"}],"curies":[{"name":"wp","href":"https:\/\/api.w.org\/{rel}","templated":true}]}}