{"id":158,"date":"2024-01-26T12:27:30","date_gmt":"2024-01-26T11:27:30","guid":{"rendered":"http:\/\/afirma-juridico.local\/?page_id=158"},"modified":"2024-06-05T10:06:05","modified_gmt":"2024-06-05T08:06:05","slug":"procedimiento-de-resolucion-de-reclamaciones","status":"publish","type":"page","link":"https:\/\/afirmajuridico.com\/cat\/procedimiento-de-resolucion-de-reclamaciones\/","title":{"rendered":"Procediment de resoluci\u00f3 de reclamacions"},"content":{"rendered":"\t\t<div data-elementor-type=\"wp-page\" data-elementor-id=\"158\" class=\"elementor elementor-158\" data-elementor-post-type=\"page\">\n\t\t\t\t<div class=\"elementor-element elementor-element-7fb9561 e-flex e-con-boxed e-con e-parent\" data-id=\"7fb9561\" data-element_type=\"container\" data-e-type=\"container\" data-settings=\"{&quot;background_background&quot;:&quot;classic&quot;}\">\n\t\t\t\t\t<div class=\"e-con-inner\">\n\t\t\t\t<div class=\"elementor-element elementor-element-0191e7d elementor-widget elementor-widget-heading\" data-id=\"0191e7d\" data-element_type=\"widget\" data-e-type=\"widget\" data-widget_type=\"heading.default\">\n\t\t\t\t<div class=\"elementor-widget-container\">\n\t\t\t\t\t<h1 class=\"elementor-heading-title elementor-size-default\">Procedimiento de resoluci\u00f3n de reclamaciones<\/h1>\t\t\t\t<\/div>\n\t\t\t\t<\/div>\n\t\t\t\t\t<\/div>\n\t\t\t\t<\/div>\n\t\t<div class=\"elementor-element elementor-element-f4054a0 e-flex e-con-boxed e-con e-parent\" data-id=\"f4054a0\" data-element_type=\"container\" data-e-type=\"container\">\n\t\t\t\t\t<div class=\"e-con-inner\">\n\t\t\t\t<div class=\"elementor-element elementor-element-37ac0c4 elementor-widget elementor-widget-heading\" data-id=\"37ac0c4\" data-element_type=\"widget\" data-e-type=\"widget\" data-widget_type=\"heading.default\">\n\t\t\t\t<div class=\"elementor-widget-container\">\n\t\t\t\t\t<h2 class=\"elementor-heading-title elementor-size-default\">Procedimiento de resoluci\u00f3n de reclamaciones<\/h2>\t\t\t\t<\/div>\n\t\t\t\t<\/div>\n\t\t\t\t\t<\/div>\n\t\t\t\t<\/div>\n\t\t<div class=\"elementor-element elementor-element-1ac3abe e-flex e-con-boxed e-con e-parent\" data-id=\"1ac3abe\" data-element_type=\"container\" data-e-type=\"container\">\n\t\t\t\t\t<div class=\"e-con-inner\">\n\t\t\t\t<div class=\"elementor-element elementor-element-25fc0c2 elementor-widget elementor-widget-text-editor\" data-id=\"25fc0c2\" data-element_type=\"widget\" data-e-type=\"widget\" data-widget_type=\"text-editor.default\">\n\t\t\t\t<div class=\"elementor-widget-container\">\n\t\t\t\t\t\t\t\t\t<p>El titular de Afirma, Servicios Jur\u00eddicos y Mediaci\u00f3n (en adelante, \u201cAfirma\u201d), Antonio L\u00f3pez Gallego, est\u00e1 comprometido en la prestaci\u00f3n de servicios de calidad y con rigor profesional, de conformidad con el encargo recibido y con sujeci\u00f3n a la normativa y a las reglas deontol\u00f3gicas aplicables.<\/p><p>En caso de que el Cliente tenga cualquier queja o reclamaci\u00f3n en relaci\u00f3n con los servicios de Intermediaci\u00f3n en cr\u00e9ditos inmobiliarios prestados por Afirma, \u00e9sta pone a su disposici\u00f3n el siguiente procedimiento:<\/p><p><strong>1. Forma, contenido y presentaci\u00f3n de la queja o reclamaci\u00f3n.<\/strong><\/p><p>A) La queja o reclamaci\u00f3n debe efectuarse por escrito en el que consten los datos personales (nombre y apellidos o denominaci\u00f3n social) y domicilio postal o electr\u00f3nico donde se desea recibir respuesta; en otro caso la respuesta se har\u00e1 al remitente que conste en el escrito o en el correo electr\u00f3nico. Tambi\u00e9n deber\u00e1 constar un tel\u00e9fono de contacto.<\/p><p>B) En el escrito se especificar\u00e1 clara e \u00edntegramente cu\u00e1les son los hechos que motivan la queja o la reclamaci\u00f3n y se acompa\u00f1ar\u00e1n, en su caso, los documentos en los que el Cliente base su queja o reclamaci\u00f3n. En el caso de reclamaciones deber\u00e1 indicarse con precisi\u00f3n qu\u00e9 se reclama, y en caso de que sean varias las pretensiones, se expresar\u00e1 si se piden de forma acumulativa, alternativa o subsidiaria.<\/p><p>El escrito deber\u00e1 ir firmado y acompa\u00f1ado de copia del DNI o con certificado de firma electr\u00f3nica. En caso de actuar a trav\u00e9s de representante legal o voluntario, deber\u00e1 acompa\u00f1arse copia del poder debidamente inscrito en el Registro Mercantil, si procede.<\/p><p>C) La queja o reclamaci\u00f3n se podr\u00e1 presentar:<\/p><ul><li>Por correo postal certificado en la direcci\u00f3n: Afirma, Servicios Jur\u00eddicos y Mediaci\u00f3n, C\/ Marcus Porcius, 1 (Ed. BCIN), 08915 Badalona.<\/li><li>A trav\u00e9s del formulario de contacto en la p\u00e1gina web de Afirma: https:\/\/www.afirmajuridico.com<\/li><li>Por correo electr\u00f3nico en la direcci\u00f3n: antonio.lopez@afirmajuridico.com.<\/li><\/ul><p><strong>2. Acuse de recibo. Defectos y su subsanaci\u00f3n. &#8211; Recibida la queja o reclamaci\u00f3n:<\/strong><\/p><p>A) Afirma la inventariar\u00e1 en su registro, le asignar\u00e1 un numero de referencia y en el plazo de tres d\u00edas naturales desde la presentaci\u00f3n, acusar\u00e1 recibo al Cliente.<\/p><p>B) En el acuse de recibo:<\/p><p>a) Si el escrito no re\u00fane los requisitos antes mencionados o adolece de alg\u00fan defecto como insuficiencia de informaci\u00f3n, falta de claridad en los hechos o en lo que se reclama, se informar\u00e1 de ello al Cliente, en la misma comunicaci\u00f3n que se haga el acuse de recibo o, a m\u00e1s tardar en el plazo de 10 d\u00edas naturales, a fin de que pueda subsanar o complementar lo que proceda en el plazo de 15 d\u00edas naturales desde la notificaci\u00f3n. De no hacerlo, se archivar\u00e1 la queja o reclamaci\u00f3n, sin m\u00e1s tr\u00e1mite, lo cual no impedir\u00e1 que m\u00e1s adelante pueda reabrirse si el Cliente la aportara o subsanara en un momento posterior; de todo ello se informar\u00e1 al Cliente cuando se le solicite la subsanaci\u00f3n o complemento de informaci\u00f3n.<\/p><p>b) Si el escrito est\u00e1 correctamente presentado, o una se hayan subsanado los defectos detectados se pasar\u00e1 al an\u00e1lisis y resoluci\u00f3n de la queja.<\/p><p><strong>3. An\u00e1lisis y Resoluci\u00f3n.<\/strong> &#8211; Corresponde analizar y resolver sobre la queja o reclamaci\u00f3n al titular responsable de Afirma. El responsable del an\u00e1lisis y resoluci\u00f3n es el titular de Afirma, que dispone de la preparaci\u00f3n, conocimientos y experiencia suficientes para tal cometido. Para m\u00e1s informaci\u00f3n sobre este punto puede consultar la \u00abQu\u00e9 es Afirma\u00bb en esta p\u00e1gina web.<\/p><p>Durante el proceso de an\u00e1lisis, Afirma podr\u00e1 solicitar al interesado informaci\u00f3n o documentaci\u00f3n complementaria sin que ello suspenda la tramitaci\u00f3n de la queja o reclamaci\u00f3n.<\/p><div>La resoluci\u00f3n deber\u00e1 recaer en el plazo m\u00e1ximo de un mes desde la presentaci\u00f3n de la documentaci\u00f3n completa o informaci\u00f3n subsanada. La resoluci\u00f3n ser\u00e1 por escrito (f\u00edsico o electr\u00f3nico) y se pronunciar\u00e1 de forma motivada sobre todas las cuestiones planteadas, salvo que se hayan presentado de forma alternativa o subsidiaria en cuyo caso la resoluci\u00f3n favorable a una de ellas har\u00e1 innecesario el pronunciamiento de las otras alternativas o de las subsidiarias posteriores en el orden que se hayan planteado.<\/div><div>\u00a0<\/div><div>La notificaci\u00f3n se efectuar\u00e1 por medio postal o electr\u00f3nico y a la direcci\u00f3n que haya indicado el Cliente o, en su defecto, por el mismo medio y direcci\u00f3n que el Cliente haya utilizado.<\/div><div>\u00a0<\/div><div>La Resoluci\u00f3n ser\u00e1 vinculante para Afirma, no para el Cliente que, en caso de disconformidad, podr\u00e1 acudir a las instituciones, administraciones o autoridades que estime oportuno para plantear la queja o reclamaci\u00f3n; entre esas instituciones, podr\u00e1 acudir del Banco de Espa\u00f1a[1] en el plazo m\u00e1ximo de un a\u00f1o desde la presentaci\u00f3n de la reclamaci\u00f3n ante Afirma o si no se le notifica en el mencionado plazo de un mes.<\/div><div>\u00a0<\/div><div>Para m\u00e1s informaci\u00f3n sobre los requisitos y forma de efectuar la reclamaci\u00f3n ante el Banco de Espa\u00f1a: clique aqu\u00ed o en C\/ Alcal\u00e1, 48, 28014 Madrid; tel\u00e9f.: 900.545.454 \/ 913.388.830.<\/div><div>\u00a0<\/div><div>4. Estad\u00edstica.- De conformidad la normativa aplicable, Afirma elabora y pone a disposici\u00f3n del Banco de Espa\u00f1a, de una estad\u00edstica peri\u00f3dica sobre los casos presentados, resueltos y la decisi\u00f3n final adoptada, indicando a qu\u00e9 parte fue favorable.<\/div><div>\u00a0<\/div><div>Badalona, a 15 de noviembre de 2021<\/div><p>\u00a0<\/p>\t\t\t\t\t\t\t\t<\/div>\n\t\t\t\t<\/div>\n\t\t\t\t\t<\/div>\n\t\t\t\t<\/div>\n\t\t<div class=\"elementor-element elementor-element-b3ee13d e-flex e-con-boxed e-con e-parent\" data-id=\"b3ee13d\" data-element_type=\"container\" data-e-type=\"container\">\n\t\t\t\t\t<div class=\"e-con-inner\">\n\t\t\t\t<div class=\"elementor-element elementor-element-34c725f elementor-widget elementor-widget-heading\" data-id=\"34c725f\" data-element_type=\"widget\" data-e-type=\"widget\" data-widget_type=\"heading.default\">\n\t\t\t\t<div class=\"elementor-widget-container\">\n\t\t\t\t\t<h2 class=\"elementor-heading-title elementor-size-default\">Pide m\u00e1s Informaci\u00f3n<\/h2>\t\t\t\t<\/div>\n\t\t\t\t<\/div>\n\t\t\t\t\t<\/div>\n\t\t\t\t<\/div>\n\t\t<div class=\"elementor-element elementor-element-4625c22 e-flex e-con-boxed e-con e-parent\" data-id=\"4625c22\" data-element_type=\"container\" data-e-type=\"container\">\n\t\t\t\t\t<div class=\"e-con-inner\">\n\t\t<div class=\"elementor-element elementor-element-9251cff e-con-full e-flex e-con e-child\" data-id=\"9251cff\" data-element_type=\"container\" data-e-type=\"container\">\n\t\t\t\t<div class=\"elementor-element elementor-element-46030f2 elementor-widget elementor-widget-heading\" data-id=\"46030f2\" data-element_type=\"widget\" data-e-type=\"widget\" data-widget_type=\"heading.default\">\n\t\t\t\t<div class=\"elementor-widget-container\">\n\t\t\t\t\t<h3 class=\"elementor-heading-title elementor-size-default\">\u00bfHablamos?<\/h3>\t\t\t\t<\/div>\n\t\t\t\t<\/div>\n\t\t\t\t<div class=\"elementor-element elementor-element-dee3c41 elementor-widget elementor-widget-heading\" data-id=\"dee3c41\" data-element_type=\"widget\" data-e-type=\"widget\" data-widget_type=\"heading.default\">\n\t\t\t\t<div class=\"elementor-widget-container\">\n\t\t\t\t\t<p class=\"elementor-heading-title elementor-size-small\">93 464 80 03<\/p>\t\t\t\t<\/div>\n\t\t\t\t<\/div>\n\t\t\t\t<div class=\"elementor-element elementor-element-a4dbe47 elementor-widget elementor-widget-heading\" data-id=\"a4dbe47\" data-element_type=\"widget\" data-e-type=\"widget\" data-widget_type=\"heading.default\">\n\t\t\t\t<div class=\"elementor-widget-container\">\n\t\t\t\t\t<p class=\"elementor-heading-title elementor-size-default\">antonio.lopez@afirmajuridico.com<\/p>\t\t\t\t<\/div>\n\t\t\t\t<\/div>\n\t\t\t\t<div class=\"elementor-element elementor-element-6e413a2 elementor-widget elementor-widget-heading\" data-id=\"6e413a2\" data-element_type=\"widget\" data-e-type=\"widget\" data-widget_type=\"heading.default\">\n\t\t\t\t<div class=\"elementor-widget-container\">\n\t\t\t\t\t<h3 class=\"elementor-heading-title elementor-size-default\">Direcci\u00f3n <\/h3>\t\t\t\t<\/div>\n\t\t\t\t<\/div>\n\t\t\t\t<div class=\"elementor-element elementor-element-1d7659a elementor-widget elementor-widget-text-editor\" data-id=\"1d7659a\" data-element_type=\"widget\" data-e-type=\"widget\" data-widget_type=\"text-editor.default\">\n\t\t\t\t<div class=\"elementor-widget-container\">\n\t\t\t\t\t\t\t\t\t<p>Edifici BCIN &#8211; C\/ Marcus Porcius, 1<br \/>08915 Badalona (Barcelona)<\/p>\t\t\t\t\t\t\t\t<\/div>\n\t\t\t\t<\/div>\n\t\t\t\t<\/div>\n\t\t<div class=\"elementor-element elementor-element-73e2120 e-con-full e-flex e-con e-child\" data-id=\"73e2120\" data-element_type=\"container\" data-e-type=\"container\">\n\t\t\t\t<div class=\"elementor-element elementor-element-ad6b1a0 elementor-button-align-stretch elementor-widget elementor-widget-form\" data-id=\"ad6b1a0\" data-element_type=\"widget\" data-e-type=\"widget\" data-settings=\"{&quot;step_next_label&quot;:&quot;Next&quot;,&quot;step_previous_label&quot;:&quot;Previous&quot;,&quot;button_width&quot;:&quot;100&quot;,&quot;step_type&quot;:&quot;number_text&quot;,&quot;step_icon_shape&quot;:&quot;circle&quot;}\" data-widget_type=\"form.default\">\n\t\t\t\t<div class=\"elementor-widget-container\">\n\t\t\t\t\t\t\t<form class=\"elementor-form\" method=\"post\" name=\"New Form\">\n\t\t\t<input type=\"hidden\" name=\"post_id\" value=\"158\"\/>\n\t\t\t<input type=\"hidden\" name=\"form_id\" value=\"ad6b1a0\"\/>\n\t\t\t<input type=\"hidden\" name=\"referer_title\" value=\"Procedimiento de resolucion de reclamaciones - Afirma Juridico\" \/>\n\n\t\t\t\t\t\t\t<input type=\"hidden\" name=\"queried_id\" value=\"158\"\/>\n\t\t\t\n\t\t\t<div class=\"elementor-form-fields-wrapper elementor-labels-above\">\n\t\t\t\t\t\t\t\t<div class=\"elementor-field-type-text elementor-field-group elementor-column elementor-field-group-name elementor-col-100\">\n\t\t\t\t\t\t\t\t\t\t\t\t<label for=\"form-field-name\" class=\"elementor-field-label\">\n\t\t\t\t\t\t\t\tNOMBRE\t\t\t\t\t\t\t<\/label>\n\t\t\t\t\t\t\t\t\t\t\t\t\t\t<input size=\"1\" type=\"text\" name=\"form_fields[name]\" id=\"form-field-name\" class=\"elementor-field elementor-size-sm  elementor-field-textual\">\n\t\t\t\t\t\t\t\t\t\t\t<\/div>\n\t\t\t\t\t\t\t\t<div class=\"elementor-field-type-email elementor-field-group elementor-column elementor-field-group-email elementor-col-100 elementor-field-required\">\n\t\t\t\t\t\t\t\t\t\t\t\t<label for=\"form-field-email\" class=\"elementor-field-label\">\n\t\t\t\t\t\t\t\tCORREO ELECTR\u00d3NICO\t\t\t\t\t\t\t<\/label>\n\t\t\t\t\t\t\t\t\t\t\t\t\t\t<input size=\"1\" type=\"email\" name=\"form_fields[email]\" id=\"form-field-email\" class=\"elementor-field elementor-size-sm  elementor-field-textual\" required=\"required\">\n\t\t\t\t\t\t\t\t\t\t\t<\/div>\n\t\t\t\t\t\t\t\t<div class=\"elementor-field-type-text elementor-field-group elementor-column elementor-field-group-field_426cc04 elementor-col-100\">\n\t\t\t\t\t\t\t\t\t\t\t\t<label for=\"form-field-field_426cc04\" class=\"elementor-field-label\">\n\t\t\t\t\t\t\t\tASUNTO\t\t\t\t\t\t\t<\/label>\n\t\t\t\t\t\t\t\t\t\t\t\t\t\t<input size=\"1\" type=\"text\" name=\"form_fields[field_426cc04]\" id=\"form-field-field_426cc04\" class=\"elementor-field elementor-size-sm  elementor-field-textual\">\n\t\t\t\t\t\t\t\t\t\t\t<\/div>\n\t\t\t\t\t\t\t\t<div class=\"elementor-field-type-textarea elementor-field-group elementor-column elementor-field-group-message elementor-col-100\">\n\t\t\t\t\t\t\t\t\t\t\t\t<label for=\"form-field-message\" class=\"elementor-field-label\">\n\t\t\t\t\t\t\t\tMENSAJE\t\t\t\t\t\t\t<\/label>\n\t\t\t\t\t\t<textarea class=\"elementor-field-textual elementor-field  elementor-size-sm\" name=\"form_fields[message]\" id=\"form-field-message\" rows=\"4\"><\/textarea>\t\t\t\t<\/div>\n\t\t\t\t\t\t\t\t<div class=\"elementor-field-type-recaptcha elementor-field-group elementor-column elementor-field-group-field_5608391 elementor-col-100\">\n\t\t\t\t\t<div class=\"elementor-field\" id=\"form-field-field_5608391\"><div class=\"elementor-g-recaptcha\" data-sitekey=\"6LeHhXApAAAAAHjKAt1F2vcIjZ7ehsOFeqSiJdIk\" data-type=\"v2_checkbox\" data-theme=\"light\" data-size=\"normal\"><\/div><\/div>\t\t\t\t<\/div>\n\t\t\t\t\t\t\t\t<div class=\"elementor-field-group elementor-column elementor-field-type-submit elementor-col-100 e-form__buttons\">\n\t\t\t\t\t<button class=\"elementor-button elementor-size-sm\" type=\"submit\">\n\t\t\t\t\t\t<span class=\"elementor-button-content-wrapper\">\n\t\t\t\t\t\t\t\t\t\t\t\t\t\t\t\t\t\t\t\t\t\t<span class=\"elementor-button-text\">Enviar<\/span>\n\t\t\t\t\t\t\t\t\t\t\t\t\t<\/span>\n\t\t\t\t\t<\/button>\n\t\t\t\t<\/div>\n\t\t\t<\/div>\n\t\t<\/form>\n\t\t\t\t\t\t<\/div>\n\t\t\t\t<\/div>\n\t\t\t\t<\/div>\n\t\t\t\t\t<\/div>\n\t\t\t\t<\/div>\n\t\t\t\t<\/div>\n\t\t","protected":false},"excerpt":{"rendered":"<p>Procedimiento de resoluci\u00f3n de reclamaciones Procedimiento de resoluci\u00f3n de reclamaciones El titular de Afirma, Servicios Jur\u00eddicos y Mediaci\u00f3n (en adelante, [&hellip;]<\/p>\n","protected":false},"author":1,"featured_media":0,"parent":0,"menu_order":0,"comment_status":"closed","ping_status":"closed","template":"","meta":{"site-sidebar-layout":"no-sidebar","site-content-layout":"","ast-site-content-layout":"full-width-container","site-content-style":"default","site-sidebar-style":"default","ast-global-header-display":"disabled","ast-banner-title-visibility":"disabled","ast-main-header-display":"","ast-hfb-above-header-display":"","ast-hfb-below-header-display":"","ast-hfb-mobile-header-display":"","site-post-title":"disabled","ast-breadcrumbs-content":"","ast-featured-img":"disabled","footer-sml-layout":"disabled","ast-disable-related-posts":"","theme-transparent-header-meta":"","adv-header-id-meta":"","stick-header-meta":"","header-above-stick-meta":"","header-main-stick-meta":"","header-below-stick-meta":"","astra-migrate-meta-layouts":"default","ast-page-background-enabled":"default","ast-page-background-meta":{"desktop":{"background-color":"var(--ast-global-color-4)","background-image":"","background-repeat":"repeat","background-position":"center center","background-size":"auto","background-attachment":"scroll","background-type":"","background-media":"","overlay-type":"","overlay-color":"","overlay-opacity":"","overlay-gradient":""},"tablet":{"background-color":"","background-image":"","background-repeat":"repeat","background-position":"center center","background-size":"auto","background-attachment":"scroll","background-type":"","background-media":"","overlay-type":"","overlay-color":"","overlay-opacity":"","overlay-gradient":""},"mobile":{"background-color":"","background-image":"","background-repeat":"repeat","background-position":"center center","background-size":"auto","background-attachment":"scroll","background-type":"","background-media":"","overlay-type":"","overlay-color":"","overlay-opacity":"","overlay-gradient":""}},"ast-content-background-meta":{"desktop":{"background-color":"var(--ast-global-color-5)","background-image":"","background-repeat":"repeat","background-position":"center center","background-size":"auto","background-attachment":"scroll","background-type":"","background-media":"","overlay-type":"","overlay-color":"","overlay-opacity":"","overlay-gradient":""},"tablet":{"background-color":"var(--ast-global-color-5)","background-image":"","background-repeat":"repeat","background-position":"center center","background-size":"auto","background-attachment":"scroll","background-type":"","background-media":"","overlay-type":"","overlay-color":"","overlay-opacity":"","overlay-gradient":""},"mobile":{"background-color":"var(--ast-global-color-5)","background-image":"","background-repeat":"repeat","background-position":"center center","background-size":"auto","background-attachment":"scroll","background-type":"","background-media":"","overlay-type":"","overlay-color":"","overlay-opacity":"","overlay-gradient":""}},"footnotes":""},"class_list":["post-158","page","type-page","status-publish","hentry"],"yoast_head":"<!-- This site is optimized with the Yoast SEO plugin v27.6 - https:\/\/yoast.com\/product\/yoast-seo-wordpress\/ -->\n<title>Procedimiento de resolucion de reclamaciones - Afirma Juridico<\/title>\n<meta name=\"robots\" content=\"index, follow, max-snippet:-1, max-image-preview:large, max-video-preview:-1\" \/>\n<link rel=\"canonical\" href=\"https:\/\/afirmajuridico.com\/cat\/procedimiento-de-resolucion-de-reclamaciones\/\" \/>\n<meta property=\"og:locale\" content=\"ca_ES\" \/>\n<meta property=\"og:type\" content=\"article\" \/>\n<meta property=\"og:title\" content=\"Procedimiento de resolucion de reclamaciones - Afirma Juridico\" \/>\n<meta property=\"og:description\" content=\"Procedimiento de resoluci\u00f3n de reclamaciones Procedimiento de resoluci\u00f3n de reclamaciones El titular de Afirma, Servicios Jur\u00eddicos y Mediaci\u00f3n (en adelante, [&hellip;]\" \/>\n<meta property=\"og:url\" content=\"https:\/\/afirmajuridico.com\/cat\/procedimiento-de-resolucion-de-reclamaciones\/\" \/>\n<meta property=\"og:site_name\" content=\"Afirma Juridico\" \/>\n<meta property=\"article:modified_time\" content=\"2024-06-05T08:06:05+00:00\" \/>\n<meta name=\"twitter:card\" content=\"summary_large_image\" \/>\n<meta name=\"twitter:label1\" content=\"Temps estimat de lectura\" \/>\n\t<meta name=\"twitter:data1\" content=\"5 minuts\" \/>\n<script type=\"application\/ld+json\" class=\"yoast-schema-graph\">{\"@context\":\"https:\\\/\\\/schema.org\",\"@graph\":[{\"@type\":\"WebPage\",\"@id\":\"https:\\\/\\\/afirmajuridico.com\\\/procedimiento-de-resolucion-de-reclamaciones\\\/\",\"url\":\"https:\\\/\\\/afirmajuridico.com\\\/procedimiento-de-resolucion-de-reclamaciones\\\/\",\"name\":\"Procedimiento de resolucion de reclamaciones - Afirma Juridico\",\"isPartOf\":{\"@id\":\"https:\\\/\\\/afirmajuridico.com\\\/#website\"},\"datePublished\":\"2024-01-26T11:27:30+00:00\",\"dateModified\":\"2024-06-05T08:06:05+00:00\",\"breadcrumb\":{\"@id\":\"https:\\\/\\\/afirmajuridico.com\\\/procedimiento-de-resolucion-de-reclamaciones\\\/#breadcrumb\"},\"inLanguage\":\"ca\",\"potentialAction\":[{\"@type\":\"ReadAction\",\"target\":[\"https:\\\/\\\/afirmajuridico.com\\\/procedimiento-de-resolucion-de-reclamaciones\\\/\"]}]},{\"@type\":\"BreadcrumbList\",\"@id\":\"https:\\\/\\\/afirmajuridico.com\\\/procedimiento-de-resolucion-de-reclamaciones\\\/#breadcrumb\",\"itemListElement\":[{\"@type\":\"ListItem\",\"position\":1,\"name\":\"Portada\",\"item\":\"https:\\\/\\\/afirmajuridico.com\\\/\"},{\"@type\":\"ListItem\",\"position\":2,\"name\":\"Procedimiento de resolucion de reclamaciones\"}]},{\"@type\":\"WebSite\",\"@id\":\"https:\\\/\\\/afirmajuridico.com\\\/#website\",\"url\":\"https:\\\/\\\/afirmajuridico.com\\\/\",\"name\":\"Afirma Juridico\",\"description\":\"\",\"potentialAction\":[{\"@type\":\"SearchAction\",\"target\":{\"@type\":\"EntryPoint\",\"urlTemplate\":\"https:\\\/\\\/afirmajuridico.com\\\/?s={search_term_string}\"},\"query-input\":{\"@type\":\"PropertyValueSpecification\",\"valueRequired\":true,\"valueName\":\"search_term_string\"}}],\"inLanguage\":\"ca\"}]}<\/script>\n<!-- \/ Yoast SEO plugin. -->","yoast_head_json":{"title":"Procediment de resoluci\u00f3 de reclamacions - Afirma Juridico","robots":{"index":"index","follow":"follow","max-snippet":"max-snippet:-1","max-image-preview":"max-image-preview:large","max-video-preview":"max-video-preview:-1"},"canonical":"https:\/\/afirmajuridico.com\/cat\/procedimiento-de-resolucion-de-reclamaciones\/","og_locale":"ca_ES","og_type":"article","og_title":"Procedimiento de resolucion de reclamaciones - Afirma Juridico","og_description":"Procedimiento de resoluci\u00f3n de reclamaciones Procedimiento de resoluci\u00f3n de reclamaciones El titular de Afirma, Servicios Jur\u00eddicos y Mediaci\u00f3n (en adelante, [&hellip;]","og_url":"https:\/\/afirmajuridico.com\/cat\/procedimiento-de-resolucion-de-reclamaciones\/","og_site_name":"Afirma Juridico","article_modified_time":"2024-06-05T08:06:05+00:00","twitter_card":"summary_large_image","twitter_misc":{"Temps estimat de lectura":"5 minuts"},"schema":{"@context":"https:\/\/schema.org","@graph":[{"@type":"WebPage","@id":"https:\/\/afirmajuridico.com\/procedimiento-de-resolucion-de-reclamaciones\/","url":"https:\/\/afirmajuridico.com\/procedimiento-de-resolucion-de-reclamaciones\/","name":"Procediment de resoluci\u00f3 de reclamacions - Afirma Juridico","isPartOf":{"@id":"https:\/\/afirmajuridico.com\/#website"},"datePublished":"2024-01-26T11:27:30+00:00","dateModified":"2024-06-05T08:06:05+00:00","breadcrumb":{"@id":"https:\/\/afirmajuridico.com\/procedimiento-de-resolucion-de-reclamaciones\/#breadcrumb"},"inLanguage":"ca","potentialAction":[{"@type":"ReadAction","target":["https:\/\/afirmajuridico.com\/procedimiento-de-resolucion-de-reclamaciones\/"]}]},{"@type":"BreadcrumbList","@id":"https:\/\/afirmajuridico.com\/procedimiento-de-resolucion-de-reclamaciones\/#breadcrumb","itemListElement":[{"@type":"ListItem","position":1,"name":"Portada","item":"https:\/\/afirmajuridico.com\/"},{"@type":"ListItem","position":2,"name":"Procedimiento de resolucion de reclamaciones"}]},{"@type":"WebSite","@id":"https:\/\/afirmajuridico.com\/#website","url":"https:\/\/afirmajuridico.com\/","name":"Afirma Juridico","description":"","potentialAction":[{"@type":"SearchAction","target":{"@type":"EntryPoint","urlTemplate":"https:\/\/afirmajuridico.com\/?s={search_term_string}"},"query-input":{"@type":"PropertyValueSpecification","valueRequired":true,"valueName":"search_term_string"}}],"inLanguage":"ca"}]}},"_links":{"self":[{"href":"https:\/\/afirmajuridico.com\/cat\/wp-json\/wp\/v2\/pages\/158","targetHints":{"allow":["GET"]}}],"collection":[{"href":"https:\/\/afirmajuridico.com\/cat\/wp-json\/wp\/v2\/pages"}],"about":[{"href":"https:\/\/afirmajuridico.com\/cat\/wp-json\/wp\/v2\/types\/page"}],"author":[{"embeddable":true,"href":"https:\/\/afirmajuridico.com\/cat\/wp-json\/wp\/v2\/users\/1"}],"replies":[{"embeddable":true,"href":"https:\/\/afirmajuridico.com\/cat\/wp-json\/wp\/v2\/comments?post=158"}],"version-history":[{"count":44,"href":"https:\/\/afirmajuridico.com\/cat\/wp-json\/wp\/v2\/pages\/158\/revisions"}],"predecessor-version":[{"id":1637,"href":"https:\/\/afirmajuridico.com\/cat\/wp-json\/wp\/v2\/pages\/158\/revisions\/1637"}],"wp:attachment":[{"href":"https:\/\/afirmajuridico.com\/cat\/wp-json\/wp\/v2\/media?parent=158"}],"curies":[{"name":"wp","href":"https:\/\/api.w.org\/{rel}","templated":true}]}}