{"id":175,"date":"2024-01-26T12:48:43","date_gmt":"2024-01-26T11:48:43","guid":{"rendered":"http:\/\/afirma-juridico.local\/?page_id=175"},"modified":"2024-06-05T10:10:56","modified_gmt":"2024-06-05T08:10:56","slug":"servicios-de-formacion","status":"publish","type":"page","link":"https:\/\/afirmajuridico.com\/cat\/servicios-de-formacion\/","title":{"rendered":"Serveis de formaci\u00f3"},"content":{"rendered":"\t\t<div data-elementor-type=\"wp-page\" data-elementor-id=\"175\" class=\"elementor elementor-175\" data-elementor-post-type=\"page\">\n\t\t\t\t<div class=\"elementor-element elementor-element-3913632 e-flex e-con-boxed e-con e-parent\" data-id=\"3913632\" data-element_type=\"container\" data-e-type=\"container\" data-settings=\"{&quot;background_background&quot;:&quot;classic&quot;}\">\n\t\t\t\t\t<div class=\"e-con-inner\">\n\t\t\t\t<div class=\"elementor-element elementor-element-a1b0b43 elementor-widget elementor-widget-heading\" data-id=\"a1b0b43\" data-element_type=\"widget\" data-e-type=\"widget\" data-widget_type=\"heading.default\">\n\t\t\t\t<div class=\"elementor-widget-container\">\n\t\t\t\t\t<h1 class=\"elementor-heading-title elementor-size-default\">Servicios de Formaci\u00f3n<\/h1>\t\t\t\t<\/div>\n\t\t\t\t<\/div>\n\t\t\t\t\t<\/div>\n\t\t\t\t<\/div>\n\t\t<div class=\"elementor-element elementor-element-a95e406 e-flex e-con-boxed e-con e-parent\" data-id=\"a95e406\" data-element_type=\"container\" data-e-type=\"container\">\n\t\t\t\t\t<div class=\"e-con-inner\">\n\t\t\t\t<div class=\"elementor-element elementor-element-257dfa3 elementor-widget elementor-widget-heading\" data-id=\"257dfa3\" data-element_type=\"widget\" data-e-type=\"widget\" data-widget_type=\"heading.default\">\n\t\t\t\t<div class=\"elementor-widget-container\">\n\t\t\t\t\t<h2 class=\"elementor-heading-title elementor-size-default\">Documentaci\u00f3n y acciones formativas<\/h2>\t\t\t\t<\/div>\n\t\t\t\t<\/div>\n\t\t\t\t<div class=\"elementor-element elementor-element-75d87fe elementor-widget elementor-widget-text-editor\" data-id=\"75d87fe\" data-element_type=\"widget\" data-e-type=\"widget\" data-widget_type=\"text-editor.default\">\n\t\t\t\t<div class=\"elementor-widget-container\">\n\t\t\t\t\t\t\t\t\t<p>Estamos en un entorno jur\u00eddico complejo y cambiante que favorece las situaciones de inseguridad jur\u00eddica, lo que puede dificultar la toma de decisiones y debilitar la base jur\u00eddica de las relaciones de negocio con clientes y proveedores. Adem\u00e1s, el riesgo de incumplimiento afecta a los resultados de la compa\u00f1\u00eda y genera desconfianza. En este contexto, la formaci\u00f3n tiene una incuestionable funci\u00f3n preventiva del riesgo.<\/p><p>AFIRMA ofrece a la posibilidad de impartir acciones formativas as\u00ed como facilitar a las entidades, profesionales y aut\u00f3nomos documentaci\u00f3n formativa para su uso interno, todo ello relacionado con aquellos aspectos jur\u00eddicos del negocio que tengan alg\u00fan componente de derecho privado (civil o mercantil) y procesal.<\/p><p>No se trata de ense\u00f1ar la teor\u00eda del derecho sino de c\u00f3mo manejarse correctamente con los componentes jur\u00eddicos con los que cada empresa debe convivir y que los directivos y empleados sepan c\u00f3mo y qu\u00e9 instrumentos deben utilizar en su quehacer diario con la m\u00e1xima seguridad, comodidad y eficiencia.<\/p><p>Antonio L\u00f3pez, abogado titular de AFIRMA, fue responsable del \u00e1rea mercantil en la Escuela de Pr\u00e1ctica Jur\u00eddica del Iltre. Colegio de Abogados de Tarragona y, m\u00e1s tarde, del M\u00e1ster de Acceso a la Abogac\u00eda de la Universidad Rovira y Virgili, de Tarragona.<\/p><p>Una de sus funciones como director de servicios jur\u00eddicos de las compa\u00f1\u00edas en las que ha trabajado, ha sido colaborar activamente con el departamento de Recursos Humanos en el proceso de la formaci\u00f3n jur\u00eddica de empleados y proveedores.<\/p><p>Esta experiencia, unida al conocimiento que tiene sobre la organizaci\u00f3n y el funcionamiento de grandes compa\u00f1\u00edas, permite hacer una oferta formativa variada y de calidad:<\/p><ul><li>Sesiones de formaci\u00f3n jur\u00eddica con contenidos adaptados en funci\u00f3n de los perfiles y responsabilidades de los destinatarios.<\/li><li>Elaboraci\u00f3n de manuales instructivos sobre formalizaci\u00f3n de documentos jur\u00eddicos, ejecuci\u00f3n de operaciones, realizaci\u00f3n de procesos que, por su volumen o frecuencia requieran uniformidad de criterios jur\u00eddicos. Sus destinatarios pueden ser empleados del cliente o proveedores que act\u00faan por cuenta o inter\u00e9s de aqu\u00e9l frente a sus clientes. Esta tarea puede completarse o sustituirse por sesiones de formaci\u00f3n presencial a empleados y proveedores.<\/li><li>An\u00e1lisis de impactos jur\u00eddicos en la actividad del cliente ante cambios de la normativa o de los criterios jurisprudenciales y planificaci\u00f3n de su la implantaci\u00f3n en la organizaci\u00f3n.<\/li><li>Revisi\u00f3n y, si procede, actualizaci\u00f3n o mejora de los sistemas y materiales formativos que tenga el cliente.<\/li><\/ul><p>La formaci\u00f3n puede ser presencial en las mismas instalaciones el cliente o en las instalaciones del despacho. Tambi\u00e9n puede hacerse por medios telem\u00e1ticos.<\/p><p>Cont\u00e1ctanos para analizar, sin coste alguno, de qu\u00e9 manera AFIRMA puede ayudarte en estas materias y, si te conviene, tendr\u00e1s una propuesta de servicios sin compromiso por tu parte.<\/p>\t\t\t\t\t\t\t\t<\/div>\n\t\t\t\t<\/div>\n\t\t\t\t\t<\/div>\n\t\t\t\t<\/div>\n\t\t<div class=\"elementor-element elementor-element-56051b8 e-flex e-con-boxed e-con e-parent\" data-id=\"56051b8\" data-element_type=\"container\" data-e-type=\"container\">\n\t\t\t\t\t<div class=\"e-con-inner\">\n\t\t\t\t<div class=\"elementor-element elementor-element-46558e2 elementor-widget elementor-widget-heading\" data-id=\"46558e2\" data-element_type=\"widget\" data-e-type=\"widget\" data-widget_type=\"heading.default\">\n\t\t\t\t<div class=\"elementor-widget-container\">\n\t\t\t\t\t<h2 class=\"elementor-heading-title elementor-size-default\">Pide m\u00e1s Informaci\u00f3n<\/h2>\t\t\t\t<\/div>\n\t\t\t\t<\/div>\n\t\t\t\t\t<\/div>\n\t\t\t\t<\/div>\n\t\t<div class=\"elementor-element elementor-element-328bbbd e-flex e-con-boxed e-con e-parent\" data-id=\"328bbbd\" data-element_type=\"container\" data-e-type=\"container\">\n\t\t\t\t\t<div class=\"e-con-inner\">\n\t\t<div class=\"elementor-element elementor-element-de63e9a e-con-full e-flex e-con e-child\" data-id=\"de63e9a\" data-element_type=\"container\" data-e-type=\"container\">\n\t\t\t\t<div class=\"elementor-element elementor-element-d0c5827 elementor-widget elementor-widget-heading\" data-id=\"d0c5827\" data-element_type=\"widget\" data-e-type=\"widget\" data-widget_type=\"heading.default\">\n\t\t\t\t<div class=\"elementor-widget-container\">\n\t\t\t\t\t<h3 class=\"elementor-heading-title elementor-size-default\">\u00bfHablamos?<\/h3>\t\t\t\t<\/div>\n\t\t\t\t<\/div>\n\t\t\t\t<div class=\"elementor-element elementor-element-2bde5a4 elementor-widget elementor-widget-heading\" data-id=\"2bde5a4\" data-element_type=\"widget\" data-e-type=\"widget\" data-widget_type=\"heading.default\">\n\t\t\t\t<div class=\"elementor-widget-container\">\n\t\t\t\t\t<p class=\"elementor-heading-title elementor-size-small\">93 464 80 03<\/p>\t\t\t\t<\/div>\n\t\t\t\t<\/div>\n\t\t\t\t<div class=\"elementor-element elementor-element-6ad6132 elementor-widget elementor-widget-heading\" data-id=\"6ad6132\" data-element_type=\"widget\" data-e-type=\"widget\" data-widget_type=\"heading.default\">\n\t\t\t\t<div class=\"elementor-widget-container\">\n\t\t\t\t\t<p class=\"elementor-heading-title elementor-size-default\">antonio.lopez@afirmajuridico.com<\/p>\t\t\t\t<\/div>\n\t\t\t\t<\/div>\n\t\t\t\t<div class=\"elementor-element elementor-element-4516d60 elementor-widget elementor-widget-heading\" data-id=\"4516d60\" data-element_type=\"widget\" data-e-type=\"widget\" data-widget_type=\"heading.default\">\n\t\t\t\t<div class=\"elementor-widget-container\">\n\t\t\t\t\t<h3 class=\"elementor-heading-title elementor-size-default\">Direcci\u00f3n <\/h3>\t\t\t\t<\/div>\n\t\t\t\t<\/div>\n\t\t\t\t<div class=\"elementor-element elementor-element-c7be37d elementor-widget elementor-widget-text-editor\" data-id=\"c7be37d\" data-element_type=\"widget\" data-e-type=\"widget\" data-widget_type=\"text-editor.default\">\n\t\t\t\t<div class=\"elementor-widget-container\">\n\t\t\t\t\t\t\t\t\t<p>Edifici BCIN &#8211; C\/ Marcus Porcius, 1<br \/>08915 Badalona (Barcelona)<\/p>\t\t\t\t\t\t\t\t<\/div>\n\t\t\t\t<\/div>\n\t\t\t\t<\/div>\n\t\t<div class=\"elementor-element elementor-element-742413e e-con-full e-flex e-con e-child\" data-id=\"742413e\" data-element_type=\"container\" data-e-type=\"container\">\n\t\t\t\t<div class=\"elementor-element elementor-element-ab80e07 elementor-button-align-stretch elementor-widget elementor-widget-form\" data-id=\"ab80e07\" data-element_type=\"widget\" data-e-type=\"widget\" data-settings=\"{&quot;step_next_label&quot;:&quot;Next&quot;,&quot;step_previous_label&quot;:&quot;Previous&quot;,&quot;button_width&quot;:&quot;100&quot;,&quot;step_type&quot;:&quot;number_text&quot;,&quot;step_icon_shape&quot;:&quot;circle&quot;}\" data-widget_type=\"form.default\">\n\t\t\t\t<div class=\"elementor-widget-container\">\n\t\t\t\t\t\t\t<form class=\"elementor-form\" method=\"post\" name=\"New Form\">\n\t\t\t<input type=\"hidden\" name=\"post_id\" value=\"175\"\/>\n\t\t\t<input type=\"hidden\" name=\"form_id\" value=\"ab80e07\"\/>\n\t\t\t<input type=\"hidden\" name=\"referer_title\" value=\"Servicios de Formaci\u00f3n - Afirma Juridico\" \/>\n\n\t\t\t\t\t\t\t<input type=\"hidden\" name=\"queried_id\" value=\"175\"\/>\n\t\t\t\n\t\t\t<div class=\"elementor-form-fields-wrapper elementor-labels-above\">\n\t\t\t\t\t\t\t\t<div class=\"elementor-field-type-text elementor-field-group elementor-column elementor-field-group-name elementor-col-100\">\n\t\t\t\t\t\t\t\t\t\t\t\t<label for=\"form-field-name\" class=\"elementor-field-label\">\n\t\t\t\t\t\t\t\tNOMBRE\t\t\t\t\t\t\t<\/label>\n\t\t\t\t\t\t\t\t\t\t\t\t\t\t<input size=\"1\" type=\"text\" name=\"form_fields[name]\" id=\"form-field-name\" class=\"elementor-field elementor-size-sm  elementor-field-textual\">\n\t\t\t\t\t\t\t\t\t\t\t<\/div>\n\t\t\t\t\t\t\t\t<div class=\"elementor-field-type-email elementor-field-group elementor-column elementor-field-group-email elementor-col-100 elementor-field-required\">\n\t\t\t\t\t\t\t\t\t\t\t\t<label for=\"form-field-email\" class=\"elementor-field-label\">\n\t\t\t\t\t\t\t\tCORREO ELECTR\u00d3NICO\t\t\t\t\t\t\t<\/label>\n\t\t\t\t\t\t\t\t\t\t\t\t\t\t<input size=\"1\" type=\"email\" name=\"form_fields[email]\" id=\"form-field-email\" class=\"elementor-field elementor-size-sm  elementor-field-textual\" required=\"required\">\n\t\t\t\t\t\t\t\t\t\t\t<\/div>\n\t\t\t\t\t\t\t\t<div class=\"elementor-field-type-text elementor-field-group elementor-column elementor-field-group-field_426cc04 elementor-col-100\">\n\t\t\t\t\t\t\t\t\t\t\t\t<label for=\"form-field-field_426cc04\" class=\"elementor-field-label\">\n\t\t\t\t\t\t\t\tASUNTO\t\t\t\t\t\t\t<\/label>\n\t\t\t\t\t\t\t\t\t\t\t\t\t\t<input size=\"1\" type=\"text\" name=\"form_fields[field_426cc04]\" id=\"form-field-field_426cc04\" class=\"elementor-field elementor-size-sm  elementor-field-textual\">\n\t\t\t\t\t\t\t\t\t\t\t<\/div>\n\t\t\t\t\t\t\t\t<div class=\"elementor-field-type-textarea elementor-field-group elementor-column elementor-field-group-message elementor-col-100\">\n\t\t\t\t\t\t\t\t\t\t\t\t<label for=\"form-field-message\" class=\"elementor-field-label\">\n\t\t\t\t\t\t\t\tMENSAJE\t\t\t\t\t\t\t<\/label>\n\t\t\t\t\t\t<textarea class=\"elementor-field-textual elementor-field  elementor-size-sm\" name=\"form_fields[message]\" id=\"form-field-message\" rows=\"4\"><\/textarea>\t\t\t\t<\/div>\n\t\t\t\t\t\t\t\t<div class=\"elementor-field-type-recaptcha elementor-field-group elementor-column elementor-field-group-field_5608391 elementor-col-100\">\n\t\t\t\t\t<div class=\"elementor-field\" id=\"form-field-field_5608391\"><div class=\"elementor-g-recaptcha\" data-sitekey=\"6LeHhXApAAAAAHjKAt1F2vcIjZ7ehsOFeqSiJdIk\" data-type=\"v2_checkbox\" data-theme=\"light\" data-size=\"normal\"><\/div><\/div>\t\t\t\t<\/div>\n\t\t\t\t\t\t\t\t<div class=\"elementor-field-group elementor-column elementor-field-type-submit elementor-col-100 e-form__buttons\">\n\t\t\t\t\t<button class=\"elementor-button elementor-size-sm\" type=\"submit\">\n\t\t\t\t\t\t<span class=\"elementor-button-content-wrapper\">\n\t\t\t\t\t\t\t\t\t\t\t\t\t\t\t\t\t\t\t\t\t\t<span class=\"elementor-button-text\">Enviar<\/span>\n\t\t\t\t\t\t\t\t\t\t\t\t\t<\/span>\n\t\t\t\t\t<\/button>\n\t\t\t\t<\/div>\n\t\t\t<\/div>\n\t\t<\/form>\n\t\t\t\t\t\t<\/div>\n\t\t\t\t<\/div>\n\t\t\t\t<\/div>\n\t\t\t\t\t<\/div>\n\t\t\t\t<\/div>\n\t\t\t\t<\/div>\n\t\t","protected":false},"excerpt":{"rendered":"<p>Servicios de Formaci\u00f3n Documentaci\u00f3n y acciones formativas Estamos en un entorno jur\u00eddico complejo y cambiante que favorece las situaciones de [&hellip;]<\/p>\n","protected":false},"author":1,"featured_media":0,"parent":0,"menu_order":0,"comment_status":"closed","ping_status":"closed","template":"","meta":{"site-sidebar-layout":"no-sidebar","site-content-layout":"","ast-site-content-layout":"full-width-container","site-content-style":"default","site-sidebar-style":"default","ast-global-header-display":"disabled","ast-banner-title-visibility":"disabled","ast-main-header-display":"","ast-hfb-above-header-display":"","ast-hfb-below-header-display":"","ast-hfb-mobile-header-display":"","site-post-title":"disabled","ast-breadcrumbs-content":"","ast-featured-img":"disabled","footer-sml-layout":"disabled","ast-disable-related-posts":"","theme-transparent-header-meta":"","adv-header-id-meta":"","stick-header-meta":"","header-above-stick-meta":"","header-main-stick-meta":"","header-below-stick-meta":"","astra-migrate-meta-layouts":"default","ast-page-background-enabled":"default","ast-page-background-meta":{"desktop":{"background-color":"var(--ast-global-color-4)","background-image":"","background-repeat":"repeat","background-position":"center center","background-size":"auto","background-attachment":"scroll","background-type":"","background-media":"","overlay-type":"","overlay-color":"","overlay-opacity":"","overlay-gradient":""},"tablet":{"background-color":"","background-image":"","background-repeat":"repeat","background-position":"center center","background-size":"auto","background-attachment":"scroll","background-type":"","background-media":"","overlay-type":"","overlay-color":"","overlay-opacity":"","overlay-gradient":""},"mobile":{"background-color":"","background-image":"","background-repeat":"repeat","background-position":"center center","background-size":"auto","background-attachment":"scroll","background-type":"","background-media":"","overlay-type":"","overlay-color":"","overlay-opacity":"","overlay-gradient":""}},"ast-content-background-meta":{"desktop":{"background-color":"var(--ast-global-color-5)","background-image":"","background-repeat":"repeat","background-position":"center center","background-size":"auto","background-attachment":"scroll","background-type":"","background-media":"","overlay-type":"","overlay-color":"","overlay-opacity":"","overlay-gradient":""},"tablet":{"background-color":"var(--ast-global-color-5)","background-image":"","background-repeat":"repeat","background-position":"center center","background-size":"auto","background-attachment":"scroll","background-type":"","background-media":"","overlay-type":"","overlay-color":"","overlay-opacity":"","overlay-gradient":""},"mobile":{"background-color":"var(--ast-global-color-5)","background-image":"","background-repeat":"repeat","background-position":"center center","background-size":"auto","background-attachment":"scroll","background-type":"","background-media":"","overlay-type":"","overlay-color":"","overlay-opacity":"","overlay-gradient":""}},"footnotes":""},"class_list":["post-175","page","type-page","status-publish","hentry"],"yoast_head":"<!-- This site is optimized with the Yoast SEO plugin v27.6 - https:\/\/yoast.com\/product\/yoast-seo-wordpress\/ -->\n<title>Servicios de Formaci\u00f3n - Afirma Juridico<\/title>\n<meta name=\"robots\" content=\"index, follow, max-snippet:-1, max-image-preview:large, max-video-preview:-1\" \/>\n<link rel=\"canonical\" href=\"https:\/\/afirmajuridico.com\/cat\/servicios-de-formacion\/\" \/>\n<meta property=\"og:locale\" content=\"ca_ES\" \/>\n<meta property=\"og:type\" content=\"article\" \/>\n<meta property=\"og:title\" content=\"Servicios de Formaci\u00f3n - Afirma Juridico\" \/>\n<meta property=\"og:description\" content=\"Servicios de Formaci\u00f3n Documentaci\u00f3n y acciones formativas Estamos en un entorno jur\u00eddico complejo y cambiante que favorece las situaciones de [&hellip;]\" \/>\n<meta property=\"og:url\" content=\"https:\/\/afirmajuridico.com\/cat\/servicios-de-formacion\/\" \/>\n<meta property=\"og:site_name\" content=\"Afirma Juridico\" \/>\n<meta property=\"article:modified_time\" content=\"2024-06-05T08:10:56+00:00\" \/>\n<meta name=\"twitter:card\" content=\"summary_large_image\" \/>\n<meta name=\"twitter:label1\" content=\"Temps estimat de lectura\" \/>\n\t<meta name=\"twitter:data1\" content=\"3 minuts\" \/>\n<script type=\"application\/ld+json\" class=\"yoast-schema-graph\">{\"@context\":\"https:\\\/\\\/schema.org\",\"@graph\":[{\"@type\":\"WebPage\",\"@id\":\"https:\\\/\\\/afirmajuridico.com\\\/servicios-de-formacion\\\/\",\"url\":\"https:\\\/\\\/afirmajuridico.com\\\/servicios-de-formacion\\\/\",\"name\":\"Servicios de Formaci\u00f3n - Afirma Juridico\",\"isPartOf\":{\"@id\":\"https:\\\/\\\/afirmajuridico.com\\\/#website\"},\"datePublished\":\"2024-01-26T11:48:43+00:00\",\"dateModified\":\"2024-06-05T08:10:56+00:00\",\"breadcrumb\":{\"@id\":\"https:\\\/\\\/afirmajuridico.com\\\/servicios-de-formacion\\\/#breadcrumb\"},\"inLanguage\":\"ca\",\"potentialAction\":[{\"@type\":\"ReadAction\",\"target\":[\"https:\\\/\\\/afirmajuridico.com\\\/servicios-de-formacion\\\/\"]}]},{\"@type\":\"BreadcrumbList\",\"@id\":\"https:\\\/\\\/afirmajuridico.com\\\/servicios-de-formacion\\\/#breadcrumb\",\"itemListElement\":[{\"@type\":\"ListItem\",\"position\":1,\"name\":\"Portada\",\"item\":\"https:\\\/\\\/afirmajuridico.com\\\/\"},{\"@type\":\"ListItem\",\"position\":2,\"name\":\"Servicios de Formaci\u00f3n\"}]},{\"@type\":\"WebSite\",\"@id\":\"https:\\\/\\\/afirmajuridico.com\\\/#website\",\"url\":\"https:\\\/\\\/afirmajuridico.com\\\/\",\"name\":\"Afirma Juridico\",\"description\":\"\",\"potentialAction\":[{\"@type\":\"SearchAction\",\"target\":{\"@type\":\"EntryPoint\",\"urlTemplate\":\"https:\\\/\\\/afirmajuridico.com\\\/?s={search_term_string}\"},\"query-input\":{\"@type\":\"PropertyValueSpecification\",\"valueRequired\":true,\"valueName\":\"search_term_string\"}}],\"inLanguage\":\"ca\"}]}<\/script>\n<!-- \/ Yoast SEO plugin. -->","yoast_head_json":{"title":"Serveis de Formaci\u00f3 - Afirma Juridico","robots":{"index":"index","follow":"follow","max-snippet":"max-snippet:-1","max-image-preview":"max-image-preview:large","max-video-preview":"max-video-preview:-1"},"canonical":"https:\/\/afirmajuridico.com\/cat\/servicios-de-formacion\/","og_locale":"ca_ES","og_type":"article","og_title":"Servicios de Formaci\u00f3n - Afirma Juridico","og_description":"Servicios de Formaci\u00f3n Documentaci\u00f3n y acciones formativas Estamos en un entorno jur\u00eddico complejo y cambiante que favorece las situaciones de [&hellip;]","og_url":"https:\/\/afirmajuridico.com\/cat\/servicios-de-formacion\/","og_site_name":"Afirma Juridico","article_modified_time":"2024-06-05T08:10:56+00:00","twitter_card":"summary_large_image","twitter_misc":{"Temps estimat de lectura":"3 minuts"},"schema":{"@context":"https:\/\/schema.org","@graph":[{"@type":"WebPage","@id":"https:\/\/afirmajuridico.com\/servicios-de-formacion\/","url":"https:\/\/afirmajuridico.com\/servicios-de-formacion\/","name":"Serveis de Formaci\u00f3 - Afirma Juridico","isPartOf":{"@id":"https:\/\/afirmajuridico.com\/#website"},"datePublished":"2024-01-26T11:48:43+00:00","dateModified":"2024-06-05T08:10:56+00:00","breadcrumb":{"@id":"https:\/\/afirmajuridico.com\/servicios-de-formacion\/#breadcrumb"},"inLanguage":"ca","potentialAction":[{"@type":"ReadAction","target":["https:\/\/afirmajuridico.com\/servicios-de-formacion\/"]}]},{"@type":"BreadcrumbList","@id":"https:\/\/afirmajuridico.com\/servicios-de-formacion\/#breadcrumb","itemListElement":[{"@type":"ListItem","position":1,"name":"Portada","item":"https:\/\/afirmajuridico.com\/"},{"@type":"ListItem","position":2,"name":"Servicios de Formaci\u00f3n"}]},{"@type":"WebSite","@id":"https:\/\/afirmajuridico.com\/#website","url":"https:\/\/afirmajuridico.com\/","name":"Afirma Juridico","description":"","potentialAction":[{"@type":"SearchAction","target":{"@type":"EntryPoint","urlTemplate":"https:\/\/afirmajuridico.com\/?s={search_term_string}"},"query-input":{"@type":"PropertyValueSpecification","valueRequired":true,"valueName":"search_term_string"}}],"inLanguage":"ca"}]}},"_links":{"self":[{"href":"https:\/\/afirmajuridico.com\/cat\/wp-json\/wp\/v2\/pages\/175","targetHints":{"allow":["GET"]}}],"collection":[{"href":"https:\/\/afirmajuridico.com\/cat\/wp-json\/wp\/v2\/pages"}],"about":[{"href":"https:\/\/afirmajuridico.com\/cat\/wp-json\/wp\/v2\/types\/page"}],"author":[{"embeddable":true,"href":"https:\/\/afirmajuridico.com\/cat\/wp-json\/wp\/v2\/users\/1"}],"replies":[{"embeddable":true,"href":"https:\/\/afirmajuridico.com\/cat\/wp-json\/wp\/v2\/comments?post=175"}],"version-history":[{"count":40,"href":"https:\/\/afirmajuridico.com\/cat\/wp-json\/wp\/v2\/pages\/175\/revisions"}],"predecessor-version":[{"id":1649,"href":"https:\/\/afirmajuridico.com\/cat\/wp-json\/wp\/v2\/pages\/175\/revisions\/1649"}],"wp:attachment":[{"href":"https:\/\/afirmajuridico.com\/cat\/wp-json\/wp\/v2\/media?parent=175"}],"curies":[{"name":"wp","href":"https:\/\/api.w.org\/{rel}","templated":true}]}}