{"id":39,"date":"2024-01-25T10:48:58","date_gmt":"2024-01-25T09:48:58","guid":{"rendered":"http:\/\/afirma-juridico.local\/?page_id=39"},"modified":"2024-06-05T10:08:22","modified_gmt":"2024-06-05T08:08:22","slug":"servicios-juridicos-empresa","status":"publish","type":"page","link":"https:\/\/afirmajuridico.com\/cat\/servicios-juridicos-empresa\/","title":{"rendered":"Serveis jur\u00eddics a Empreses i professionals a Badalona"},"content":{"rendered":"\t\t<div data-elementor-type=\"wp-page\" data-elementor-id=\"39\" class=\"elementor elementor-39\" data-elementor-post-type=\"page\">\n\t\t\t\t<div class=\"elementor-element elementor-element-e6cc364 e-flex e-con-boxed e-con e-parent\" data-id=\"e6cc364\" data-element_type=\"container\" data-e-type=\"container\" data-settings=\"{&quot;background_background&quot;:&quot;classic&quot;}\">\n\t\t\t\t\t<div class=\"e-con-inner\">\n\t\t\t\t<div class=\"elementor-element elementor-element-6ebfa8a elementor-widget elementor-widget-heading\" data-id=\"6ebfa8a\" data-element_type=\"widget\" data-e-type=\"widget\" data-widget_type=\"heading.default\">\n\t\t\t\t<div class=\"elementor-widget-container\">\n\t\t\t\t\t<h1 class=\"elementor-heading-title elementor-size-default\">Servicios jur\u00eddicos a Empresas y profesionales en Badalona<\/h1>\t\t\t\t<\/div>\n\t\t\t\t<\/div>\n\t\t\t\t\t<\/div>\n\t\t\t\t<\/div>\n\t\t<div class=\"elementor-element elementor-element-d4d3d2b e-flex e-con-boxed e-con e-parent\" data-id=\"d4d3d2b\" data-element_type=\"container\" data-e-type=\"container\">\n\t\t\t\t\t<div class=\"e-con-inner\">\n\t\t\t\t<div class=\"elementor-element elementor-element-38444b7 elementor-widget elementor-widget-heading\" data-id=\"38444b7\" data-element_type=\"widget\" data-e-type=\"widget\" data-widget_type=\"heading.default\">\n\t\t\t\t<div class=\"elementor-widget-container\">\n\t\t\t\t\t<h2 class=\"elementor-heading-title elementor-size-default\">Servicios jur\u00eddicos a profesionales, aut\u00f3nomos, sociedades y otras entitades<\/h2>\t\t\t\t<\/div>\n\t\t\t\t<\/div>\n\t\t\t\t\t<\/div>\n\t\t\t\t<\/div>\n\t\t<div class=\"elementor-element elementor-element-51d841e e-flex e-con-boxed e-con e-parent\" data-id=\"51d841e\" data-element_type=\"container\" data-e-type=\"container\">\n\t\t\t\t\t<div class=\"e-con-inner\">\n\t\t\t\t<div class=\"elementor-element elementor-element-090213e elementor-widget elementor-widget-text-editor\" data-id=\"090213e\" data-element_type=\"widget\" data-e-type=\"widget\" data-widget_type=\"text-editor.default\">\n\t\t\t\t<div class=\"elementor-widget-container\">\n\t\t\t\t\t\t\t\t\t<p>Los servicios que AFIRMA ofrece a empresas y profesionales para solventar situaciones que requieran la intervenci\u00f3n y el soporte de un abogado en las ramas del derecho civil y mercantil y procesal son, entre otros, los siguientes:<\/p><p><strong>1. Contratos y documentos relacionados con la actividad mercantil y comercial, estandarizados o con contenido especial, con clientes o con proveedores de bienes y servicios.<\/strong><\/p><p><strong>2. Derecho inmobiliario y de la construcci\u00f3n:<\/strong><\/p><ul><li>Contrataci\u00f3n.<\/li><li>Financiaci\u00f3n.<\/li><li>Responsabilidad.<\/li><\/ul><p><strong>3. Derechos sobre las cosas o reales:<\/strong><\/p><ul><li>Propiedad y otros derechos.<\/li><li>Defensa de la posesi\u00f3n ante situaciones ilegales de ocupaci\u00f3n.<\/li><\/ul><p><strong>4. Medios de pago bancarios y efectos de comercio (pagar\u00e9, cheque, letras).<\/strong><\/p><p><strong>5. Problem\u00e1tica de la insolvencia y del concurso de acreedores:<\/strong><\/p><ul><li>Prevenci\u00f3n de la morosidad.<\/li><li>Negociaci\u00f3n preconcursal de deudas .<\/li><li>Procedimiento concursal.<\/li><\/ul><p><strong>6. Derecho societario y gobierno corporativo:<\/strong><\/p><ul><li>Constituci\u00f3n y modificaci\u00f3n de sociedades.<\/li><li>Relaciones intersocietarias y r\u00e9gimen de \u00f3rganos de gobierno.<\/li><li>Asunci\u00f3n del cargo de secretario del consejo de administraci\u00f3n o del de letrado asesor (ley 39\/1975).<\/li><li>Responsabilidad de los administradores y directivos.<\/li><li>La empresa familiar.<\/li><li>\u00c9tica y normas de conducta.<\/li><\/ul><p><strong>7. Derecho de asociaciones, fundaciones, sociedades civiles y comunidades de bienes.<\/strong><\/p><p><strong>8. Exigencia y defensa de responsabilidad contractual o extracontractual<\/strong><\/p><p><strong>9. Representaci\u00f3n, asistencia, acompa\u00f1amiento y defensa de los intereses del cliente en situaciones derivadas de las materias anteriormente expuestas en:<\/strong><\/p><ul><li>Procedimientos ante la Administraci\u00f3n de Justicia en todas sus fases e incidentes<\/li><li>Procedimientos de mediaci\u00f3n, conciliaci\u00f3n, arbitraje y otros tr\u00e1mites prejudiciales.<\/li><li>Procedimientos y tr\u00e1mites ante las administraciones p\u00fablicas, notar\u00edas, registros, empresas y particulares.<\/li><\/ul><p><strong>10. Cumplimiento normativo (compliance):<\/strong><\/p><ul><li>Prevenci\u00f3n de blanqueo de capitales.<\/li><li>Protecci\u00f3n de datos personales: aspectos contractuales e institucionales.<\/li><li>Prevenci\u00f3n penal de la persona jur\u00eddica y de los directivos y representantes de la compa\u00f1\u00eda.<\/li><\/ul>\t\t\t\t\t\t\t\t<\/div>\n\t\t\t\t<\/div>\n\t\t\t\t\t<\/div>\n\t\t\t\t<\/div>\n\t\t<div class=\"elementor-element elementor-element-39ceaec e-flex e-con-boxed e-con e-parent\" data-id=\"39ceaec\" data-element_type=\"container\" data-e-type=\"container\">\n\t\t\t\t\t<div class=\"e-con-inner\">\n\t\t\t\t<div class=\"elementor-element elementor-element-98bcbcf elementor-widget elementor-widget-heading\" data-id=\"98bcbcf\" data-element_type=\"widget\" data-e-type=\"widget\" data-widget_type=\"heading.default\">\n\t\t\t\t<div class=\"elementor-widget-container\">\n\t\t\t\t\t<h2 class=\"elementor-heading-title elementor-size-default\">Consultor\u00eda jur\u00eddica de procesos y documentaci\u00f3n<\/h2>\t\t\t\t<\/div>\n\t\t\t\t<\/div>\n\t\t\t\t\t<\/div>\n\t\t\t\t<\/div>\n\t\t<div class=\"elementor-element elementor-element-23b5dbc e-flex e-con-boxed e-con e-parent\" data-id=\"23b5dbc\" data-element_type=\"container\" data-e-type=\"container\">\n\t\t\t\t\t<div class=\"e-con-inner\">\n\t\t\t\t<div class=\"elementor-element elementor-element-9be2d3e elementor-widget elementor-widget-text-editor\" data-id=\"9be2d3e\" data-element_type=\"widget\" data-e-type=\"widget\" data-widget_type=\"text-editor.default\">\n\t\t\t\t<div class=\"elementor-widget-container\">\n\t\t\t\t\t\t\t\t\t<p>La gesti\u00f3n jur\u00eddica de la actividad empresarial y profesional puede medirse en t\u00e9rminos de eficiencia, rapidez y seguridad y hay partes de la actividad de negocio que muchas veces puede ser mejorada si tratan adecuadamente los aspectos jur\u00eddicos que intervienen en ella.<br \/><br \/>El abogado de empresa (interno o externo) puede colaborar proactivamente con la organizaci\u00f3n de la compa\u00f1\u00eda para maximizar la eficiencia, la agilidad y la calidad en los \u00e1mbitos de la actividad que tengan un componente jur\u00eddico, ya que combina: (i) los conocimientos jur\u00eddicos, (ii) la experiencia en gesti\u00f3n jur\u00eddica de empresas, (iii) la facilidad para integrarse en la organizaci\u00f3n empresarial para conocer los detalles de su actividad.<br \/><br \/>Antonio L\u00f3pez, abogado titular de AFIRMA, re\u00fane los tres elementos anteriores y ofrece la posibilidad de colaborar en esa consecuci\u00f3n de objetivos en:<\/p><ul><li>El dise\u00f1o y revisi\u00f3n de los criterios de selecci\u00f3n y condiciones de contrataci\u00f3n de proveedores.<\/li><li>An\u00e1lisis y mejora funcional de modelos de documentos contractuales de clientes y proveedores y de otros documentos jur\u00eddicos.<\/li><li>Optimizaci\u00f3n de circuitos y procesos recurrentes con connotaciones jur\u00eddicas como la contrataci\u00f3n, gesti\u00f3n de reclamaciones y procedimientos administrativos y judiciales.<\/li><li>Implantaci\u00f3n, revisi\u00f3n, actualizaci\u00f3n de manuales de pol\u00edticas y procedimientos que tengan alg\u00fan componente jur\u00eddico.<\/li><\/ul><p>Cont\u00e1ctanos para analizar, sin coste alguno, de qu\u00e9 manera AFIRMA puede ayudarte en estas materias y, si te conviene, tendr\u00e1s una propuesta de servicios sin compromiso por tu parte.<\/p>\t\t\t\t\t\t\t\t<\/div>\n\t\t\t\t<\/div>\n\t\t\t\t\t<\/div>\n\t\t\t\t<\/div>\n\t\t<div class=\"elementor-element elementor-element-e216285 e-flex e-con-boxed e-con e-parent\" data-id=\"e216285\" data-element_type=\"container\" data-e-type=\"container\">\n\t\t\t\t\t<div class=\"e-con-inner\">\n\t\t\t\t<div class=\"elementor-element elementor-element-6d05ce0 elementor-widget elementor-widget-heading\" data-id=\"6d05ce0\" data-element_type=\"widget\" data-e-type=\"widget\" data-widget_type=\"heading.default\">\n\t\t\t\t<div class=\"elementor-widget-container\">\n\t\t\t\t\t<h2 class=\"elementor-heading-title elementor-size-default\">Pide m\u00e1s Informaci\u00f3n<\/h2>\t\t\t\t<\/div>\n\t\t\t\t<\/div>\n\t\t\t\t\t<\/div>\n\t\t\t\t<\/div>\n\t\t<div class=\"elementor-element elementor-element-107dfdf e-flex e-con-boxed e-con e-parent\" data-id=\"107dfdf\" data-element_type=\"container\" data-e-type=\"container\">\n\t\t\t\t\t<div class=\"e-con-inner\">\n\t\t<div class=\"elementor-element elementor-element-422c298 e-con-full e-flex e-con e-child\" data-id=\"422c298\" data-element_type=\"container\" data-e-type=\"container\">\n\t\t\t\t<div class=\"elementor-element elementor-element-a1a7b9e elementor-widget elementor-widget-heading\" data-id=\"a1a7b9e\" data-element_type=\"widget\" data-e-type=\"widget\" data-widget_type=\"heading.default\">\n\t\t\t\t<div class=\"elementor-widget-container\">\n\t\t\t\t\t<h3 class=\"elementor-heading-title elementor-size-default\">\u00bfHablamos?<\/h3>\t\t\t\t<\/div>\n\t\t\t\t<\/div>\n\t\t\t\t<div class=\"elementor-element elementor-element-9e977ef elementor-widget elementor-widget-heading\" data-id=\"9e977ef\" data-element_type=\"widget\" data-e-type=\"widget\" data-widget_type=\"heading.default\">\n\t\t\t\t<div class=\"elementor-widget-container\">\n\t\t\t\t\t<p class=\"elementor-heading-title elementor-size-small\">93 464 80 03<\/p>\t\t\t\t<\/div>\n\t\t\t\t<\/div>\n\t\t\t\t<div class=\"elementor-element elementor-element-2ee1842 elementor-widget elementor-widget-heading\" data-id=\"2ee1842\" data-element_type=\"widget\" data-e-type=\"widget\" data-widget_type=\"heading.default\">\n\t\t\t\t<div class=\"elementor-widget-container\">\n\t\t\t\t\t<p class=\"elementor-heading-title elementor-size-default\">antonio.lopez@afirmajuridico.com<\/p>\t\t\t\t<\/div>\n\t\t\t\t<\/div>\n\t\t\t\t<div class=\"elementor-element elementor-element-5763abc elementor-widget elementor-widget-heading\" data-id=\"5763abc\" data-element_type=\"widget\" data-e-type=\"widget\" data-widget_type=\"heading.default\">\n\t\t\t\t<div class=\"elementor-widget-container\">\n\t\t\t\t\t<h3 class=\"elementor-heading-title elementor-size-default\">Direcci\u00f3n <\/h3>\t\t\t\t<\/div>\n\t\t\t\t<\/div>\n\t\t\t\t<div class=\"elementor-element elementor-element-a184fdb elementor-widget elementor-widget-text-editor\" data-id=\"a184fdb\" data-element_type=\"widget\" data-e-type=\"widget\" data-widget_type=\"text-editor.default\">\n\t\t\t\t<div class=\"elementor-widget-container\">\n\t\t\t\t\t\t\t\t\t<p>Edifici BCIN &#8211; C\/ Marcus Porcius, 1<br \/>08915 Badalona (Barcelona)<\/p>\t\t\t\t\t\t\t\t<\/div>\n\t\t\t\t<\/div>\n\t\t\t\t<\/div>\n\t\t<div class=\"elementor-element elementor-element-d205dc4 e-con-full e-flex e-con e-child\" data-id=\"d205dc4\" data-element_type=\"container\" data-e-type=\"container\">\n\t\t\t\t<div class=\"elementor-element elementor-element-eb57cea elementor-button-align-stretch elementor-widget elementor-widget-form\" data-id=\"eb57cea\" data-element_type=\"widget\" data-e-type=\"widget\" data-settings=\"{&quot;step_next_label&quot;:&quot;Next&quot;,&quot;step_previous_label&quot;:&quot;Previous&quot;,&quot;button_width&quot;:&quot;100&quot;,&quot;step_type&quot;:&quot;number_text&quot;,&quot;step_icon_shape&quot;:&quot;circle&quot;}\" data-widget_type=\"form.default\">\n\t\t\t\t<div class=\"elementor-widget-container\">\n\t\t\t\t\t\t\t<form class=\"elementor-form\" method=\"post\" name=\"New Form\">\n\t\t\t<input type=\"hidden\" name=\"post_id\" value=\"39\"\/>\n\t\t\t<input type=\"hidden\" name=\"form_id\" value=\"eb57cea\"\/>\n\t\t\t<input type=\"hidden\" name=\"referer_title\" value=\"Servicios jur\u00eddicos a Empresas y profesionales en Badalona - Afirma Juridico\" \/>\n\n\t\t\t\t\t\t\t<input type=\"hidden\" name=\"queried_id\" value=\"39\"\/>\n\t\t\t\n\t\t\t<div class=\"elementor-form-fields-wrapper elementor-labels-above\">\n\t\t\t\t\t\t\t\t<div class=\"elementor-field-type-text elementor-field-group elementor-column elementor-field-group-name elementor-col-100\">\n\t\t\t\t\t\t\t\t\t\t\t\t<label for=\"form-field-name\" class=\"elementor-field-label\">\n\t\t\t\t\t\t\t\tNOMBRE\t\t\t\t\t\t\t<\/label>\n\t\t\t\t\t\t\t\t\t\t\t\t\t\t<input size=\"1\" type=\"text\" name=\"form_fields[name]\" id=\"form-field-name\" class=\"elementor-field elementor-size-sm  elementor-field-textual\">\n\t\t\t\t\t\t\t\t\t\t\t<\/div>\n\t\t\t\t\t\t\t\t<div class=\"elementor-field-type-email elementor-field-group elementor-column elementor-field-group-email elementor-col-100 elementor-field-required\">\n\t\t\t\t\t\t\t\t\t\t\t\t<label for=\"form-field-email\" class=\"elementor-field-label\">\n\t\t\t\t\t\t\t\tCORREO ELECTR\u00d3NICO\t\t\t\t\t\t\t<\/label>\n\t\t\t\t\t\t\t\t\t\t\t\t\t\t<input size=\"1\" type=\"email\" name=\"form_fields[email]\" id=\"form-field-email\" class=\"elementor-field elementor-size-sm  elementor-field-textual\" required=\"required\">\n\t\t\t\t\t\t\t\t\t\t\t<\/div>\n\t\t\t\t\t\t\t\t<div class=\"elementor-field-type-text elementor-field-group elementor-column elementor-field-group-field_426cc04 elementor-col-100\">\n\t\t\t\t\t\t\t\t\t\t\t\t<label for=\"form-field-field_426cc04\" class=\"elementor-field-label\">\n\t\t\t\t\t\t\t\tASUNTO\t\t\t\t\t\t\t<\/label>\n\t\t\t\t\t\t\t\t\t\t\t\t\t\t<input size=\"1\" type=\"text\" name=\"form_fields[field_426cc04]\" id=\"form-field-field_426cc04\" class=\"elementor-field elementor-size-sm  elementor-field-textual\">\n\t\t\t\t\t\t\t\t\t\t\t<\/div>\n\t\t\t\t\t\t\t\t<div class=\"elementor-field-type-textarea elementor-field-group elementor-column elementor-field-group-message elementor-col-100\">\n\t\t\t\t\t\t\t\t\t\t\t\t<label for=\"form-field-message\" class=\"elementor-field-label\">\n\t\t\t\t\t\t\t\tMENSAJE\t\t\t\t\t\t\t<\/label>\n\t\t\t\t\t\t<textarea class=\"elementor-field-textual elementor-field  elementor-size-sm\" name=\"form_fields[message]\" id=\"form-field-message\" rows=\"4\"><\/textarea>\t\t\t\t<\/div>\n\t\t\t\t\t\t\t\t<div class=\"elementor-field-type-recaptcha elementor-field-group elementor-column elementor-field-group-field_5608391 elementor-col-100\">\n\t\t\t\t\t<div class=\"elementor-field\" id=\"form-field-field_5608391\"><div class=\"elementor-g-recaptcha\" data-sitekey=\"6LeHhXApAAAAAHjKAt1F2vcIjZ7ehsOFeqSiJdIk\" data-type=\"v2_checkbox\" data-theme=\"light\" data-size=\"normal\"><\/div><\/div>\t\t\t\t<\/div>\n\t\t\t\t\t\t\t\t<div class=\"elementor-field-group elementor-column elementor-field-type-submit elementor-col-100 e-form__buttons\">\n\t\t\t\t\t<button class=\"elementor-button elementor-size-sm\" type=\"submit\">\n\t\t\t\t\t\t<span class=\"elementor-button-content-wrapper\">\n\t\t\t\t\t\t\t\t\t\t\t\t\t\t\t\t\t\t\t\t\t\t<span class=\"elementor-button-text\">Enviar<\/span>\n\t\t\t\t\t\t\t\t\t\t\t\t\t<\/span>\n\t\t\t\t\t<\/button>\n\t\t\t\t<\/div>\n\t\t\t<\/div>\n\t\t<\/form>\n\t\t\t\t\t\t<\/div>\n\t\t\t\t<\/div>\n\t\t\t\t<\/div>\n\t\t\t\t\t<\/div>\n\t\t\t\t<\/div>\n\t\t\t\t<\/div>\n\t\t","protected":false},"excerpt":{"rendered":"<p>Servicios jur\u00eddicos a Empresas y profesionales en Badalona Servicios jur\u00eddicos a profesionales, aut\u00f3nomos, sociedades y otras entitades Los servicios que [&hellip;]<\/p>\n","protected":false},"author":1,"featured_media":0,"parent":0,"menu_order":0,"comment_status":"closed","ping_status":"closed","template":"","meta":{"site-sidebar-layout":"no-sidebar","site-content-layout":"","ast-site-content-layout":"full-width-container","site-content-style":"default","site-sidebar-style":"default","ast-global-header-display":"disabled","ast-banner-title-visibility":"disabled","ast-main-header-display":"","ast-hfb-above-header-display":"","ast-hfb-below-header-display":"","ast-hfb-mobile-header-display":"","site-post-title":"disabled","ast-breadcrumbs-content":"","ast-featured-img":"disabled","footer-sml-layout":"disabled","ast-disable-related-posts":"","theme-transparent-header-meta":"","adv-header-id-meta":"","stick-header-meta":"","header-above-stick-meta":"","header-main-stick-meta":"","header-below-stick-meta":"","astra-migrate-meta-layouts":"default","ast-page-background-enabled":"default","ast-page-background-meta":{"desktop":{"background-color":"var(--ast-global-color-4)","background-image":"","background-repeat":"repeat","background-position":"center center","background-size":"auto","background-attachment":"scroll","background-type":"","background-media":"","overlay-type":"","overlay-color":"","overlay-opacity":"","overlay-gradient":""},"tablet":{"background-color":"","background-image":"","background-repeat":"repeat","background-position":"center center","background-size":"auto","background-attachment":"scroll","background-type":"","background-media":"","overlay-type":"","overlay-color":"","overlay-opacity":"","overlay-gradient":""},"mobile":{"background-color":"","background-image":"","background-repeat":"repeat","background-position":"center center","background-size":"auto","background-attachment":"scroll","background-type":"","background-media":"","overlay-type":"","overlay-color":"","overlay-opacity":"","overlay-gradient":""}},"ast-content-background-meta":{"desktop":{"background-color":"var(--ast-global-color-5)","background-image":"","background-repeat":"repeat","background-position":"center center","background-size":"auto","background-attachment":"scroll","background-type":"","background-media":"","overlay-type":"","overlay-color":"","overlay-opacity":"","overlay-gradient":""},"tablet":{"background-color":"var(--ast-global-color-5)","background-image":"","background-repeat":"repeat","background-position":"center center","background-size":"auto","background-attachment":"scroll","background-type":"","background-media":"","overlay-type":"","overlay-color":"","overlay-opacity":"","overlay-gradient":""},"mobile":{"background-color":"var(--ast-global-color-5)","background-image":"","background-repeat":"repeat","background-position":"center center","background-size":"auto","background-attachment":"scroll","background-type":"","background-media":"","overlay-type":"","overlay-color":"","overlay-opacity":"","overlay-gradient":""}},"footnotes":""},"class_list":["post-39","page","type-page","status-publish","hentry"],"yoast_head":"<!-- This site is optimized with the Yoast SEO plugin v27.6 - https:\/\/yoast.com\/product\/yoast-seo-wordpress\/ -->\n<title>Servicios jur\u00eddicos a Empresas y profesionales en Badalona - Afirma Juridico<\/title>\n<meta name=\"robots\" content=\"index, follow, max-snippet:-1, max-image-preview:large, max-video-preview:-1\" \/>\n<link rel=\"canonical\" href=\"https:\/\/afirmajuridico.com\/cat\/servicios-juridicos-empresa\/\" \/>\n<meta property=\"og:locale\" content=\"ca_ES\" \/>\n<meta property=\"og:type\" content=\"article\" \/>\n<meta property=\"og:title\" content=\"Servicios jur\u00eddicos a Empresas y profesionales en Badalona - Afirma Juridico\" \/>\n<meta property=\"og:description\" content=\"Servicios jur\u00eddicos a Empresas y profesionales en Badalona Servicios jur\u00eddicos a profesionales, aut\u00f3nomos, sociedades y otras entitades Los servicios que [&hellip;]\" \/>\n<meta property=\"og:url\" content=\"https:\/\/afirmajuridico.com\/cat\/servicios-juridicos-empresa\/\" \/>\n<meta property=\"og:site_name\" content=\"Afirma Juridico\" \/>\n<meta property=\"article:modified_time\" content=\"2024-06-05T08:08:22+00:00\" \/>\n<meta name=\"twitter:card\" content=\"summary_large_image\" \/>\n<meta name=\"twitter:label1\" content=\"Temps estimat de lectura\" \/>\n\t<meta name=\"twitter:data1\" content=\"3 minuts\" \/>\n<script type=\"application\/ld+json\" class=\"yoast-schema-graph\">{\"@context\":\"https:\\\/\\\/schema.org\",\"@graph\":[{\"@type\":\"WebPage\",\"@id\":\"https:\\\/\\\/afirmajuridico.com\\\/servicios-juridicos-empresa\\\/\",\"url\":\"https:\\\/\\\/afirmajuridico.com\\\/servicios-juridicos-empresa\\\/\",\"name\":\"Servicios jur\u00eddicos a Empresas y profesionales en Badalona - Afirma Juridico\",\"isPartOf\":{\"@id\":\"https:\\\/\\\/afirmajuridico.com\\\/#website\"},\"datePublished\":\"2024-01-25T09:48:58+00:00\",\"dateModified\":\"2024-06-05T08:08:22+00:00\",\"breadcrumb\":{\"@id\":\"https:\\\/\\\/afirmajuridico.com\\\/servicios-juridicos-empresa\\\/#breadcrumb\"},\"inLanguage\":\"ca\",\"potentialAction\":[{\"@type\":\"ReadAction\",\"target\":[\"https:\\\/\\\/afirmajuridico.com\\\/servicios-juridicos-empresa\\\/\"]}]},{\"@type\":\"BreadcrumbList\",\"@id\":\"https:\\\/\\\/afirmajuridico.com\\\/servicios-juridicos-empresa\\\/#breadcrumb\",\"itemListElement\":[{\"@type\":\"ListItem\",\"position\":1,\"name\":\"Portada\",\"item\":\"https:\\\/\\\/afirmajuridico.com\\\/\"},{\"@type\":\"ListItem\",\"position\":2,\"name\":\"Servicios jur\u00eddicos a Empresas y profesionales en Badalona\"}]},{\"@type\":\"WebSite\",\"@id\":\"https:\\\/\\\/afirmajuridico.com\\\/#website\",\"url\":\"https:\\\/\\\/afirmajuridico.com\\\/\",\"name\":\"Afirma Juridico\",\"description\":\"\",\"potentialAction\":[{\"@type\":\"SearchAction\",\"target\":{\"@type\":\"EntryPoint\",\"urlTemplate\":\"https:\\\/\\\/afirmajuridico.com\\\/?s={search_term_string}\"},\"query-input\":{\"@type\":\"PropertyValueSpecification\",\"valueRequired\":true,\"valueName\":\"search_term_string\"}}],\"inLanguage\":\"ca\"}]}<\/script>\n<!-- \/ Yoast SEO plugin. -->","yoast_head_json":{"title":"Serveis jur\u00eddics a Empreses i professionals a Badalona - Afirma Juridico","robots":{"index":"index","follow":"follow","max-snippet":"max-snippet:-1","max-image-preview":"max-image-preview:large","max-video-preview":"max-video-preview:-1"},"canonical":"https:\/\/afirmajuridico.com\/cat\/servicios-juridicos-empresa\/","og_locale":"ca_ES","og_type":"article","og_title":"Servicios jur\u00eddicos a Empresas y profesionales en Badalona - Afirma Juridico","og_description":"Servicios jur\u00eddicos a Empresas y profesionales en Badalona Servicios jur\u00eddicos a profesionales, aut\u00f3nomos, sociedades y otras entitades Los servicios que [&hellip;]","og_url":"https:\/\/afirmajuridico.com\/cat\/servicios-juridicos-empresa\/","og_site_name":"Afirma Juridico","article_modified_time":"2024-06-05T08:08:22+00:00","twitter_card":"summary_large_image","twitter_misc":{"Temps estimat de lectura":"3 minuts"},"schema":{"@context":"https:\/\/schema.org","@graph":[{"@type":"WebPage","@id":"https:\/\/afirmajuridico.com\/servicios-juridicos-empresa\/","url":"https:\/\/afirmajuridico.com\/servicios-juridicos-empresa\/","name":"Serveis jur\u00eddics a Empreses i professionals a Badalona - Afirma Juridico","isPartOf":{"@id":"https:\/\/afirmajuridico.com\/#website"},"datePublished":"2024-01-25T09:48:58+00:00","dateModified":"2024-06-05T08:08:22+00:00","breadcrumb":{"@id":"https:\/\/afirmajuridico.com\/servicios-juridicos-empresa\/#breadcrumb"},"inLanguage":"ca","potentialAction":[{"@type":"ReadAction","target":["https:\/\/afirmajuridico.com\/servicios-juridicos-empresa\/"]}]},{"@type":"BreadcrumbList","@id":"https:\/\/afirmajuridico.com\/servicios-juridicos-empresa\/#breadcrumb","itemListElement":[{"@type":"ListItem","position":1,"name":"Portada","item":"https:\/\/afirmajuridico.com\/"},{"@type":"ListItem","position":2,"name":"Servicios jur\u00eddicos a Empresas y profesionales en Badalona"}]},{"@type":"WebSite","@id":"https:\/\/afirmajuridico.com\/#website","url":"https:\/\/afirmajuridico.com\/","name":"Afirma Juridico","description":"","potentialAction":[{"@type":"SearchAction","target":{"@type":"EntryPoint","urlTemplate":"https:\/\/afirmajuridico.com\/?s={search_term_string}"},"query-input":{"@type":"PropertyValueSpecification","valueRequired":true,"valueName":"search_term_string"}}],"inLanguage":"ca"}]}},"_links":{"self":[{"href":"https:\/\/afirmajuridico.com\/cat\/wp-json\/wp\/v2\/pages\/39","targetHints":{"allow":["GET"]}}],"collection":[{"href":"https:\/\/afirmajuridico.com\/cat\/wp-json\/wp\/v2\/pages"}],"about":[{"href":"https:\/\/afirmajuridico.com\/cat\/wp-json\/wp\/v2\/types\/page"}],"author":[{"embeddable":true,"href":"https:\/\/afirmajuridico.com\/cat\/wp-json\/wp\/v2\/users\/1"}],"replies":[{"embeddable":true,"href":"https:\/\/afirmajuridico.com\/cat\/wp-json\/wp\/v2\/comments?post=39"}],"version-history":[{"count":72,"href":"https:\/\/afirmajuridico.com\/cat\/wp-json\/wp\/v2\/pages\/39\/revisions"}],"predecessor-version":[{"id":1643,"href":"https:\/\/afirmajuridico.com\/cat\/wp-json\/wp\/v2\/pages\/39\/revisions\/1643"}],"wp:attachment":[{"href":"https:\/\/afirmajuridico.com\/cat\/wp-json\/wp\/v2\/media?parent=39"}],"curies":[{"name":"wp","href":"https:\/\/api.w.org\/{rel}","templated":true}]}}